{"id":2254,"date":"2021-11-02T12:46:39","date_gmt":"2021-11-02T12:46:39","guid":{"rendered":"https:\/\/jamonesibericoseu.eu\/?page_id=2254"},"modified":"2021-11-18T12:17:47","modified_gmt":"2021-11-18T12:17:47","slug":"wenn-du-es-bis-hier-her-geschafft-hast","status":"publish","type":"page","link":"https:\/\/jamonesibericoseu.eu\/de\/wenn-du-es-bis-hier-her-geschafft-hast\/","title":{"rendered":"Wenn du es bis hier her geschafft hast"},"content":{"rendered":"<p>[et_pb_section fb_built=&#8220;1&#8243; _builder_version=&#8220;4.10.8&#8243; _module_preset=&#8220;default&#8220; global_colors_info=&#8220;{}&#8220;][et_pb_row column_structure=&#8220;1_2,1_2&#8243; _builder_version=&#8220;4.10.8&#8243; _module_preset=&#8220;default&#8220; global_colors_info=&#8220;{}&#8220;][et_pb_column type=&#8220;1_2&#8243; _builder_version=&#8220;4.10.8&#8243; _module_preset=&#8220;default&#8220; global_colors_info=&#8220;{}&#8220;][et_pb_image src=&#8220;https:\/\/jamonesibericoseu.eu\/wp-content\/uploads\/2021\/11\/Grafica-DE-3-scaled.jpg&#8220; title_text=&#8220;Grafica DE&#8220; _builder_version=&#8220;4.10.8&#8243; _module_preset=&#8220;default&#8220; global_colors_info=&#8220;{}&#8220;][\/et_pb_image][\/et_pb_column][et_pb_column type=&#8220;1_2&#8243; _builder_version=&#8220;4.10.8&#8243; _module_preset=&#8220;default&#8220; global_colors_info=&#8220;{}&#8220;][et_pb_text _builder_version=&#8220;4.10.8&#8243; _module_preset=&#8220;default&#8220; text_font_size=&#8220;16px&#8220; header_font=&#8220;|700|||||||&#8220; header_text_color=&#8220;#a31c27&#8243; header_line_height=&#8220;1.2em&#8220; custom_margin=&#8220;16px||||false|false&#8220; global_colors_info=&#8220;{}&#8220;]<\/p>\n<h1><strong>Wenn du es bis hier her geschafft hast, bist du kurz davor, deinen Ib\u00e9rico-Sinn zu erwecken<\/strong><\/h1>\n<p>Wir glauben, alles \u00fcber uns zu wissen, aber was ist, wenn wir noch etwas Neues zu entdecken haben?<\/p>\n<p>Wenn du glaubst, du hast nur 5 Sinne, dann irrst du dich. Es gibt noch etwas anderes in dir: einen Sinn, <strong>d<\/strong><strong>er die Summe aller anderer Sinne ist, <\/strong>der dich <strong>zum Kern dessen f\u00fchrt, was wir sind,<\/strong> und der <strong>deine Genussf\u00e4higkeit in eine andere Dimension hebt.<\/strong><\/p>\n<p>Ein Sinn, der viel mehr ist als Riechen, Sehen, H\u00f6ren, Schmecken oder Ber\u00fchren. Es geht darum, <strong>zu f\u00fchlen, zu teilen und zu genie\u00dfen. <\/strong>Denn es ist ein Sinn, der <strong>nicht beschrieben werden kann. Er kann nur gelebt werden.<br \/>\n<\/strong><br \/>\nEin Sinn, der entsteht, wenn man etwas so Einzigartiges wie <strong>Jam\u00f3n Ib\u00e9rico<\/strong> und etwas so Gro\u00dfartiges wie <strong>unsere Art, das Leben zu verstehen und zu genie\u00dfen,<\/strong> miteinander verbindet:<strong> DER IB\u00c9RICO-SINN<br \/>\n<\/strong><\/p>\n<p>Ein Sinn, <strong>der in dir steckt, egal woher du kommst&#8230; du hast ihn. <\/strong>Um ihn zu wecken, brauchst du nur eine Scheibe <strong>Jam\u00f3n Ib\u00e9rico. <\/strong><\/p>\n<p><strong>\u00a0Erwecke deinen Ib\u00e9rico-Sinn mit Jamones Ib\u00e9ricos aus Spanien.<\/strong>[\/et_pb_text][\/et_pb_column][\/et_pb_row][et_pb_row column_structure=&#8220;1_2,1_2&#8243; _builder_version=&#8220;4.10.8&#8243; _module_preset=&#8220;default&#8220; global_colors_info=&#8220;{}&#8220;][et_pb_column type=&#8220;1_2&#8243; _builder_version=&#8220;4.10.8&#8243; _module_preset=&#8220;default&#8220; global_colors_info=&#8220;{}&#8220;][et_pb_image src=&#8220;https:\/\/jamonesibericoseu.eu\/wp-content\/uploads\/2021\/11\/Grafica-DE-1-scaled.jpg&#8220; title_text=&#8220;Grafica DE&#8220; _builder_version=&#8220;4.10.8&#8243; _module_preset=&#8220;default&#8220; global_colors_info=&#8220;{}&#8220;][\/et_pb_image][\/et_pb_column][et_pb_column type=&#8220;1_2&#8243; _builder_version=&#8220;4.10.8&#8243; _module_preset=&#8220;default&#8220; global_colors_info=&#8220;{}&#8220;][et_pb_image src=&#8220;https:\/\/jamonesibericoseu.eu\/wp-content\/uploads\/2021\/11\/Grafica-DE-2-scaled.jpg&#8220; title_text=&#8220;Grafica DE&#8220; _builder_version=&#8220;4.10.8&#8243; _module_preset=&#8220;default&#8220; global_colors_info=&#8220;{}&#8220;][\/et_pb_image][\/et_pb_column][\/et_pb_row][et_pb_row _builder_version=&#8220;4.10.8&#8243; _module_preset=&#8220;default&#8220; global_colors_info=&#8220;{}&#8220;][et_pb_column type=&#8220;4_4&#8243; _builder_version=&#8220;4.10.8&#8243; _module_preset=&#8220;default&#8220; global_colors_info=&#8220;{}&#8220;][et_pb_text _builder_version=&#8220;4.13.0&#8243; _module_preset=&#8220;default&#8220; hover_enabled=&#8220;0&#8243; global_colors_info=&#8220;{}&#8220; sticky_enabled=&#8220;0&#8243;]<a class=\"vp-a vp-dr\" href=\"https:\/\/youtu.be\/Ebd0eGjHuHc\" rel=\"nofollow\" data-width=\"1920\" data-height=\"1080\" data-dwrap=\"1\" data-iv=\"1\"><img decoding=\"async\" class=\"vp-img\" src=\"https:\/\/jamonesibericoseu.eu\/wp-content\/uploads\/2021\/09\/spot.jpg\"><\/a>[\/et_pb_text][\/et_pb_column][\/et_pb_row][et_pb_row _builder_version=&#8220;4.10.8&#8243; _module_preset=&#8220;default&#8220; global_colors_info=&#8220;{}&#8220;][et_pb_column type=&#8220;4_4&#8243; _builder_version=&#8220;4.10.8&#8243; _module_preset=&#8220;default&#8220; global_colors_info=&#8220;{}&#8220;][et_pb_text _builder_version=&#8220;4.10.8&#8243; _module_preset=&#8220;default&#8220; global_colors_info=&#8220;{}&#8220;]<\/p>\n<a class=\"vp-a vp-dr\" href=\"https:\/\/youtu.be\/J66_OTphetM\" rel=\"nofollow\" data-width=\"1920\" data-height=\"1080\" data-dwrap=\"1\" data-iv=\"1\"><img decoding=\"async\" class=\"vp-img\" src=\"https:\/\/jamonesibericoseu.eu\/wp-content\/uploads\/2021\/09\/making-of.jpg\"><\/a>\n<p>[\/et_pb_text][\/et_pb_column][\/et_pb_row][\/et_pb_section]<\/p>\n","protected":false},"excerpt":{"rendered":"<p>Wenn du es bis hier her geschafft hast, bist du kurz davor, deinen Ib\u00e9rico-Sinn zu erwecken Wir glauben, alles \u00fcber uns zu wissen, aber was ist, wenn wir noch etwas Neues zu entdecken haben? Wenn du glaubst, du hast nur 5 Sinne, dann irrst du dich. Es gibt noch etwas anderes in dir: einen Sinn, der die Summe aller anderer Sinne ist, der dich zum Kern dessen f\u00fchrt, was wir sind, und der deine Genussf\u00e4higkeit in eine andere Dimension hebt. Ein Sinn, der viel mehr ist als Riechen, Sehen, H\u00f6ren, Schmecken oder Ber\u00fchren. Es geht darum, zu f\u00fchlen, zu teilen und zu genie\u00dfen. Denn es ist ein Sinn, der nicht beschrieben werden kann. Er kann nur gelebt werden. Ein Sinn, der entsteht, wenn man etwas so Einzigartiges wie Jam\u00f3n Ib\u00e9rico und etwas so Gro\u00dfartiges wie unsere Art, das Leben zu verstehen und zu genie\u00dfen, miteinander verbindet: DER IB\u00c9RICO-SINN Ein Sinn, der in dir steckt, egal woher du kommst&#8230; du hast ihn. Um ihn zu wecken, brauchst du nur eine Scheibe Jam\u00f3n Ib\u00e9rico. \u00a0Erwecke deinen Ib\u00e9rico-Sinn mit Jamones Ib\u00e9ricos aus Spanien.<a class=\"vp-a vp-dr\" href=\"https:\/\/youtu.be\/Ebd0eGjHuHc\" rel=\"nofollow\" data-width=\"1920\" data-height=\"1080\" data-dwrap=\"1\" data-iv=\"1\"><img decoding=\"async\" class=\"vp-img\" src=\"https:\/\/jamonesibericoseu.eu\/wp-content\/uploads\/2021\/09\/spot.jpg\"><\/a><a class=\"vp-a vp-dr\" href=\"https:\/\/youtu.be\/J66_OTphetM\" rel=\"nofollow\" data-width=\"1920\" data-height=\"1080\" data-dwrap=\"1\" data-iv=\"1\"><img decoding=\"async\" class=\"vp-img\" src=\"https:\/\/jamonesibericoseu.eu\/wp-content\/uploads\/2021\/09\/making-of.jpg\"><\/a><\/p>\n","protected":false},"author":1,"featured_media":0,"parent":0,"menu_order":0,"comment_status":"closed","ping_status":"closed","template":"","meta":{"_et_pb_use_builder":"on","_et_pb_old_content":"","_et_gb_content_width":"","footnotes":""},"class_list":["post-2254","page","type-page","status-publish","hentry"],"_links":{"self":[{"href":"https:\/\/jamonesibericoseu.eu\/de\/wp-json\/wp\/v2\/pages\/2254","targetHints":{"allow":["GET"]}}],"collection":[{"href":"https:\/\/jamonesibericoseu.eu\/de\/wp-json\/wp\/v2\/pages"}],"about":[{"href":"https:\/\/jamonesibericoseu.eu\/de\/wp-json\/wp\/v2\/types\/page"}],"author":[{"embeddable":true,"href":"https:\/\/jamonesibericoseu.eu\/de\/wp-json\/wp\/v2\/users\/1"}],"replies":[{"embeddable":true,"href":"https:\/\/jamonesibericoseu.eu\/de\/wp-json\/wp\/v2\/comments?post=2254"}],"version-history":[{"count":8,"href":"https:\/\/jamonesibericoseu.eu\/de\/wp-json\/wp\/v2\/pages\/2254\/revisions"}],"predecessor-version":[{"id":3620,"href":"https:\/\/jamonesibericoseu.eu\/de\/wp-json\/wp\/v2\/pages\/2254\/revisions\/3620"}],"wp:attachment":[{"href":"https:\/\/jamonesibericoseu.eu\/de\/wp-json\/wp\/v2\/media?parent=2254"}],"curies":[{"name":"wp","href":"https:\/\/api.w.org\/{rel}","templated":true}]}}