{"id":2233,"date":"2021-11-02T12:33:07","date_gmt":"2021-11-02T12:33:07","guid":{"rendered":"https:\/\/jamonesibericoseu.eu\/?page_id=2233"},"modified":"2021-11-18T12:15:57","modified_gmt":"2021-11-18T12:15:57","slug":"ich-stelle-mich-kurz-vor-ich-bin-leandro-de-la-dehesa","status":"publish","type":"page","link":"https:\/\/jamonesibericoseu.eu\/de\/ich-stelle-mich-kurz-vor-ich-bin-leandro-de-la-dehesa\/","title":{"rendered":"Ich stelle mich kurz vor, ich bin Leandro de la Dehesa"},"content":{"rendered":"<p>[et_pb_section fb_built=&#8220;1&#8243; _builder_version=&#8220;4.10.8&#8243; _module_preset=&#8220;default&#8220; global_colors_info=&#8220;{}&#8220;][et_pb_row column_structure=&#8220;1_2,1_2&#8243; _builder_version=&#8220;4.10.8&#8243; _module_preset=&#8220;default&#8220; global_colors_info=&#8220;{}&#8220;][et_pb_column type=&#8220;1_2&#8243; _builder_version=&#8220;4.10.8&#8243; _module_preset=&#8220;default&#8220; global_colors_info=&#8220;{}&#8220;][et_pb_image src=&#8220;https:\/\/jamonesibericoseu.eu\/wp-content\/uploads\/2021\/09\/cv_leandro.jpg&#8220; title_text=&#8220;cv_leandro&#8220; _builder_version=&#8220;4.10.8&#8243; _module_preset=&#8220;default&#8220; global_colors_info=&#8220;{}&#8220;][\/et_pb_image][\/et_pb_column][et_pb_column type=&#8220;1_2&#8243; _builder_version=&#8220;4.10.8&#8243; _module_preset=&#8220;default&#8220; global_colors_info=&#8220;{}&#8220;][et_pb_text _builder_version=&#8220;4.10.8&#8243; _module_preset=&#8220;default&#8220; text_font_size=&#8220;16px&#8220; header_font=&#8220;|700|||||||&#8220; header_text_color=&#8220;#a31c27&#8243; global_colors_info=&#8220;{}&#8220;]<\/p>\n<h1><strong>Ich stelle mich kurz vor, ich bin Leandro de la Dehesa<\/strong><\/h1>\n<p>Hola, hallo, salut, hallo, N\u01d0 h\u01ceo ya&#8230; Mein Name ist Leandro de la Dehesa und ich bin hier, um dir zu helfen, <strong>etwas Unglaubliches in dir <\/strong>zu wecken.<\/p>\n<p>Ich bin ein Meister des Erwachens <strong>DES IB\u00c9RICO-SINNS<\/strong><\/p>\n<p>Ein Sinn, der deine Genussf\u00e4higkeit in eine andere Dimension hebt und der jedes Mal geweckt wird, wenn du <strong>Jam\u00f3n Ib\u00e9rico<\/strong> kostest.<\/p>\n<p><strong>Je \u00f6fter du ihn kostest, desto st\u00e4rker pr\u00e4gst du ihn aus.<\/strong><\/p>\n<p>Deshalb bin ich ja hier, um dir zu helfen, <strong>deinen Ib\u00e9rico-Sinn zu wecken.<\/strong><\/p>\n<p>Beginnen wir&#8230;[\/et_pb_text][\/et_pb_column][\/et_pb_row][et_pb_row _builder_version=&#8220;4.10.8&#8243; _module_preset=&#8220;default&#8220; global_colors_info=&#8220;{}&#8220;][et_pb_column type=&#8220;4_4&#8243; _builder_version=&#8220;4.10.8&#8243; _module_preset=&#8220;default&#8220; global_colors_info=&#8220;{}&#8220;][et_pb_text _builder_version=&#8220;4.13.0&#8243; _module_preset=&#8220;default&#8220; text_orientation=&#8220;center&#8220; hover_enabled=&#8220;0&#8243; global_colors_info=&#8220;{}&#8220; sticky_enabled=&#8220;0&#8243;]<a class=\"vp-a vp-dr\" href=\"https:\/\/youtu.be\/-Pn8LmB0H0Q\" rel=\"nofollow\" data-width=\"1920\" data-height=\"1080\" data-dwrap=\"1\" data-iv=\"1\"><img decoding=\"async\" class=\"vp-img\" src=\"https:\/\/jamonesibericoseu.eu\/wp-content\/uploads\/2021\/10\/Video-leandro.jpg\"><\/a>[\/et_pb_text][\/et_pb_column][\/et_pb_row][et_pb_row _builder_version=&#8220;4.10.8&#8243; _module_preset=&#8220;default&#8220; global_colors_info=&#8220;{}&#8220;][et_pb_column type=&#8220;4_4&#8243; _builder_version=&#8220;4.10.8&#8243; _module_preset=&#8220;default&#8220; global_colors_info=&#8220;{}&#8220;][et_pb_text _builder_version=&#8220;4.10.8&#8243; _module_preset=&#8220;default&#8220; text_font_size=&#8220;16px&#8220; header_2_font=&#8220;|700|||||||&#8220; header_2_text_color=&#8220;#a31c27&#8243; header_2_font_size=&#8220;30px&#8220; global_colors_info=&#8220;{}&#8220;]<\/p>\n<h2 style=\"text-align: center;\">Experte in&#8230;<\/h2>\n<p style=\"text-align: center;\"><strong>sinnlichen Erlebnissen<\/strong><\/p>\n<p style=\"text-align: center;\">dem Erwachen des Ib\u00e9rico-Sinns<\/p>\n<p style=\"text-align: center;\">der Schaffung von Ib\u00e9rico-Momenten<\/p>\n<p style=\"text-align: center;\">der Herkunft und Kunst des Schneidens<\/p>\n<p style=\"text-align: center;\">der Feier des Lebens<\/p>\n<p style=\"text-align: center;\"><strong>der Kopplung von Erfahrungen<\/strong><\/p>\n<p>[\/et_pb_text][\/et_pb_column][\/et_pb_row][\/et_pb_section]<\/p>\n","protected":false},"excerpt":{"rendered":"<p>Ich stelle mich kurz vor, ich bin Leandro de la Dehesa Hola, hallo, salut, hallo, N\u01d0 h\u01ceo ya&#8230; Mein Name ist Leandro de la Dehesa und ich bin hier, um dir zu helfen, etwas Unglaubliches in dir zu wecken. Ich bin ein Meister des Erwachens DES IB\u00c9RICO-SINNS Ein Sinn, der deine Genussf\u00e4higkeit in eine andere Dimension hebt und der jedes Mal geweckt wird, wenn du Jam\u00f3n Ib\u00e9rico kostest. Je \u00f6fter du ihn kostest, desto st\u00e4rker pr\u00e4gst du ihn aus. Deshalb bin ich ja hier, um dir zu helfen, deinen Ib\u00e9rico-Sinn zu wecken. Beginnen wir&#8230;<a class=\"vp-a vp-dr\" href=\"https:\/\/youtu.be\/-Pn8LmB0H0Q\" rel=\"nofollow\" data-width=\"1920\" data-height=\"1080\" data-dwrap=\"1\" data-iv=\"1\"><img decoding=\"async\" class=\"vp-img\" src=\"https:\/\/jamonesibericoseu.eu\/wp-content\/uploads\/2021\/10\/Video-leandro.jpg\"><\/a>Experte in&#8230; sinnlichen Erlebnissen dem Erwachen des Ib\u00e9rico-Sinns der Schaffung von Ib\u00e9rico-Momenten der Herkunft und Kunst des Schneidens der Feier des Lebens der Kopplung von Erfahrungen<\/p>\n","protected":false},"author":1,"featured_media":0,"parent":0,"menu_order":0,"comment_status":"closed","ping_status":"closed","template":"","meta":{"_et_pb_use_builder":"on","_et_pb_old_content":"","_et_gb_content_width":"","footnotes":""},"class_list":["post-2233","page","type-page","status-publish","hentry"],"_links":{"self":[{"href":"https:\/\/jamonesibericoseu.eu\/de\/wp-json\/wp\/v2\/pages\/2233","targetHints":{"allow":["GET"]}}],"collection":[{"href":"https:\/\/jamonesibericoseu.eu\/de\/wp-json\/wp\/v2\/pages"}],"about":[{"href":"https:\/\/jamonesibericoseu.eu\/de\/wp-json\/wp\/v2\/types\/page"}],"author":[{"embeddable":true,"href":"https:\/\/jamonesibericoseu.eu\/de\/wp-json\/wp\/v2\/users\/1"}],"replies":[{"embeddable":true,"href":"https:\/\/jamonesibericoseu.eu\/de\/wp-json\/wp\/v2\/comments?post=2233"}],"version-history":[{"count":7,"href":"https:\/\/jamonesibericoseu.eu\/de\/wp-json\/wp\/v2\/pages\/2233\/revisions"}],"predecessor-version":[{"id":3618,"href":"https:\/\/jamonesibericoseu.eu\/de\/wp-json\/wp\/v2\/pages\/2233\/revisions\/3618"}],"wp:attachment":[{"href":"https:\/\/jamonesibericoseu.eu\/de\/wp-json\/wp\/v2\/media?parent=2233"}],"curies":[{"name":"wp","href":"https:\/\/api.w.org\/{rel}","templated":true}]}}