{"id":2189,"date":"2021-11-02T11:41:59","date_gmt":"2021-11-02T11:41:59","guid":{"rendered":"https:\/\/jamonesibericoseu.eu\/?page_id=2189"},"modified":"2021-11-02T16:09:52","modified_gmt":"2021-11-02T16:09:52","slug":"die-kunst-des-schneidens","status":"publish","type":"page","link":"https:\/\/jamonesibericoseu.eu\/de\/die-kunst-des-schneidens\/","title":{"rendered":"Die Kunst des Schneidens"},"content":{"rendered":"<p>[et_pb_section fb_built=&#8220;1&#8243; _builder_version=&#8220;4.10.8&#8243; _module_preset=&#8220;default&#8220; global_colors_info=&#8220;{}&#8220;][et_pb_row column_structure=&#8220;1_2,1_2&#8243; _builder_version=&#8220;4.10.8&#8243; _module_preset=&#8220;default&#8220; global_colors_info=&#8220;{}&#8220;][et_pb_column type=&#8220;1_2&#8243; _builder_version=&#8220;4.10.8&#8243; _module_preset=&#8220;default&#8220; global_colors_info=&#8220;{}&#8220;][et_pb_image src=&#8220;https:\/\/jamonesibericoseu.eu\/wp-content\/uploads\/2021\/09\/corte-1.jpg&#8220; title_text=&#8220;Die Kunst des Schneidens &#8220; _builder_version=&#8220;4.10.8&#8243; _module_preset=&#8220;default&#8220; global_colors_info=&#8220;{}&#8220;][\/et_pb_image][et_pb_text _builder_version=&#8220;4.10.8&#8243; _module_preset=&#8220;default&#8220; hover_enabled=&#8220;0&#8243; global_colors_info=&#8220;{}&#8220; sticky_enabled=&#8220;0&#8243;]<\/p>\n<p style=\"text-align: center;\"><a class=\"vp-a vp-dr\" href=\"https:\/\/youtu.be\/Iqh9lReq7XA\" rel=\"nofollow\" data-width=\"1280\" data-height=\"720\" data-dwrap=\"1\" data-iv=\"1\"><img decoding=\"async\" class=\"vp-img\" src=\"https:\/\/jamonesibericoseu.eu\/wp-content\/uploads\/2021\/11\/die_kunst_des_schneidens.jpg\"><\/a><\/p>\n<p>[\/et_pb_text][\/et_pb_column][et_pb_column type=&#8220;1_2&#8243; _builder_version=&#8220;4.10.8&#8243; _module_preset=&#8220;default&#8220; global_colors_info=&#8220;{}&#8220;][et_pb_text _builder_version=&#8220;4.10.8&#8243; _module_preset=&#8220;default&#8220; text_font_size=&#8220;16px&#8220; header_font=&#8220;|700||on|||||&#8220; header_text_color=&#8220;#a31c27&#8243; header_2_font=&#8220;|700||on|||||&#8220; header_2_text_color=&#8220;#a31c27&#8243; header_2_font_size=&#8220;30px&#8220; global_colors_info=&#8220;{}&#8220;]<\/p>\n<h1>Die Kunst des Schneidens<\/h1>\n<p>Nach Jahren der Verw\u00f6hnung und Pflege ist es Zeit f\u00fcr einen guten Schnitt, um ihn in seiner ganzen Pracht zu genie\u00dfen. Und um die perfekte Scheibe zu erhalten, schneiden die Liebhaber des Jam\u00f3n Ib\u00e9ricos nicht, sondern sie \u201etranchieren%22.<\/p>\n<p>Wenn die Dicke und Gr\u00f6\u00dfe der Scheiben homogen und d\u00fcnn ist, ist die Pr\u00e4sentation auf dem Niveau eines Kunstwerkes.<\/p>\n<p>Das Schneiden des Jam\u00f3n Ib\u00e9ricos ist in der Tat eine Kunst, die im Laufe der Zeit perfektioniert wird und Ruhe erfordert.<\/p>\n<p>Um dieses Ritual in vollen Z\u00fcgen genie\u00dfen zu k\u00f6nnen, ist es unabdingbar, ein solches zu haben:[\/et_pb_text][et_pb_text _builder_version=&#8220;4.10.8&#8243; _module_preset=&#8220;default&#8220; text_font_size=&#8220;16px&#8220; header_font=&#8220;|700||on|||||&#8220; header_text_color=&#8220;#a31c27&#8243; header_2_font=&#8220;|700||on|||||&#8220; header_2_text_color=&#8220;#a31c27&#8243; header_2_font_size=&#8220;30px&#8220; global_colors_info=&#8220;{}&#8220;]<\/p>\n<h2>NOTWENDIGE INSTRUMENTE<\/h2>\n<p><strong>SCHINKENHALTER<\/strong><\/p>\n<p><strong>Der Schinkenhalter, <\/strong>\u00a0der eine <strong>gute Fixierung und einen hohen Komfort <\/strong><strong>f\u00fcr den Messerschneider<\/strong> gew\u00e4hrleistet. Der Schinkenhalter muss sich auf der richtigen Handh\u00f6he befinden\u00a0 und vollkommen flach und stabil sein.<\/p>\n<p><strong>MESSER<\/strong><\/p>\n<p><strong>F\u00fcr das Schneiden ben\u00f6tigte Instrumente: <\/strong>Idealerweise sollte man mit drei verschiedenen, sehr scharfen Messern schneiden: ein Schinkenmesser, lang und biegsam, mit dem die Scheiben herausgeschnitten werden k\u00f6nnen; ein Messer mit Wellenschliff, um die Kruste zu entfernen (B\u00e4ckertyp); und ein kurzes, starkes, scharfes Messer in Spitzenform f\u00fcr pr\u00e4zise Schnitte in den winkeligsten Bereichen und\u00a0 zum Abl\u00f6sen des Jam\u00f3n Ib\u00e9ricos vom Knochen.[\/et_pb_text][\/et_pb_column][\/et_pb_row][et_pb_row column_structure=&#8220;1_2,1_2&#8243; _builder_version=&#8220;4.10.8&#8243; _module_preset=&#8220;default&#8220; global_colors_info=&#8220;{}&#8220;][et_pb_column type=&#8220;1_2&#8243; _builder_version=&#8220;4.10.8&#8243; _module_preset=&#8220;default&#8220; global_colors_info=&#8220;{}&#8220;][et_pb_image src=&#8220;https:\/\/jamonesibericoseu.eu\/wp-content\/uploads\/2021\/11\/00_die_kunst_des_schneidens.jpg&#8220; title_text=&#8220;00_die_kunst_des_schneidens&#8220; _builder_version=&#8220;4.10.8&#8243; _module_preset=&#8220;default&#8220; hover_enabled=&#8220;0&#8243; global_colors_info=&#8220;{}&#8220; sticky_enabled=&#8220;0&#8243;][\/et_pb_image][\/et_pb_column][et_pb_column type=&#8220;1_2&#8243; _builder_version=&#8220;4.10.8&#8243; _module_preset=&#8220;default&#8220; global_colors_info=&#8220;{}&#8220;][et_pb_text _builder_version=&#8220;4.10.8&#8243; _module_preset=&#8220;default&#8220; hover_enabled=&#8220;0&#8243; global_colors_info=&#8220;{}&#8220; sticky_enabled=&#8220;0&#8243;]<\/p>\n<p style=\"text-align: center;\"><a class=\"vp-a vp-dr\" href=\"https:\/\/youtu.be\/U9In-YLlvho\" rel=\"nofollow\" data-width=\"1280\" data-height=\"720\" data-dwrap=\"1\" data-iv=\"1\"><img decoding=\"async\" class=\"vp-img\" src=\"https:\/\/jamonesibericoseu.eu\/wp-content\/uploads\/2021\/11\/01_die_inspiration.jpg\"><\/a><\/p>\n<p>[\/et_pb_text][\/et_pb_column][\/et_pb_row][et_pb_row column_structure=&#8220;1_2,1_2&#8243; _builder_version=&#8220;4.10.8&#8243; _module_preset=&#8220;default&#8220; global_colors_info=&#8220;{}&#8220;][et_pb_column type=&#8220;1_2&#8243; _builder_version=&#8220;4.10.8&#8243; _module_preset=&#8220;default&#8220; global_colors_info=&#8220;{}&#8220;][et_pb_text _builder_version=&#8220;4.10.8&#8243; _module_preset=&#8220;default&#8220; hover_enabled=&#8220;0&#8243; global_colors_info=&#8220;{}&#8220; sticky_enabled=&#8220;0&#8243;]<\/p>\n<p style=\"text-align: center;\"><a class=\"vp-a vp-dr\" href=\"https:\/\/youtu.be\/qg80ryS31kw\" rel=\"nofollow\" data-width=\"1280\" data-height=\"720\" data-dwrap=\"1\" data-iv=\"1\"><img decoding=\"async\" class=\"vp-img\" src=\"https:\/\/jamonesibericoseu.eu\/wp-content\/uploads\/2021\/11\/02_der_meibel_und_der_sockel.jpg\"><\/a><\/p>\n<p>[\/et_pb_text][\/et_pb_column][et_pb_column type=&#8220;1_2&#8243; _builder_version=&#8220;4.10.8&#8243; _module_preset=&#8220;default&#8220; global_colors_info=&#8220;{}&#8220;][et_pb_text _builder_version=&#8220;4.10.8&#8243; _module_preset=&#8220;default&#8220; hover_enabled=&#8220;0&#8243; global_colors_info=&#8220;{}&#8220; sticky_enabled=&#8220;0&#8243;]<\/p>\n<p style=\"text-align: center;\"><a class=\"vp-a vp-dr\" href=\"https:\/\/youtu.be\/qvSo9eRYhJ8\" rel=\"nofollow\" data-width=\"1280\" data-height=\"720\" data-dwrap=\"1\" data-iv=\"1\"><img decoding=\"async\" class=\"vp-img\" src=\"https:\/\/jamonesibericoseu.eu\/wp-content\/uploads\/2021\/11\/03_der_bildhauer.jpg\"><\/a><\/p>\n<p>[\/et_pb_text][\/et_pb_column][\/et_pb_row][et_pb_row column_structure=&#8220;1_2,1_2&#8243; _builder_version=&#8220;4.10.8&#8243; _module_preset=&#8220;default&#8220; global_colors_info=&#8220;{}&#8220;][et_pb_column type=&#8220;1_2&#8243; _builder_version=&#8220;4.10.8&#8243; _module_preset=&#8220;default&#8220; global_colors_info=&#8220;{}&#8220;][et_pb_text _builder_version=&#8220;4.10.8&#8243; _module_preset=&#8220;default&#8220; hover_enabled=&#8220;0&#8243; global_colors_info=&#8220;{}&#8220; sticky_enabled=&#8220;0&#8243;]<\/p>\n<p style=\"text-align: center;\"><a class=\"vp-a vp-dr\" href=\"https:\/\/youtu.be\/1wNGYd7vODI\" rel=\"nofollow\" data-width=\"1280\" data-height=\"720\" data-dwrap=\"1\" data-iv=\"1\"><img decoding=\"async\" class=\"vp-img\" src=\"https:\/\/jamonesibericoseu.eu\/wp-content\/uploads\/2021\/11\/04_der_gemeibelte.jpg\"><\/a><\/p>\n<p>[\/et_pb_text][\/et_pb_column][et_pb_column type=&#8220;1_2&#8243; _builder_version=&#8220;4.10.8&#8243; _module_preset=&#8220;default&#8220; global_colors_info=&#8220;{}&#8220;][et_pb_text _builder_version=&#8220;4.10.8&#8243; _module_preset=&#8220;default&#8220; hover_enabled=&#8220;0&#8243; global_colors_info=&#8220;{}&#8220; sticky_enabled=&#8220;0&#8243;]<\/p>\n<p style=\"text-align: center;\"><a class=\"vp-a vp-dr\" href=\"https:\/\/youtu.be\/LmKhf-YLRdc\" rel=\"nofollow\" data-width=\"1280\" data-height=\"720\" data-dwrap=\"1\" data-iv=\"1\"><img decoding=\"async\" class=\"vp-img\" src=\"https:\/\/jamonesibericoseu.eu\/wp-content\/uploads\/2021\/11\/05_die_aufbewahrung.jpg\"><\/a><\/p>\n<p>[\/et_pb_text][\/et_pb_column][\/et_pb_row][et_pb_row column_structure=&#8220;1_2,1_2&#8243; _builder_version=&#8220;4.10.8&#8243; _module_preset=&#8220;default&#8220; global_colors_info=&#8220;{}&#8220;][et_pb_column type=&#8220;1_2&#8243; _builder_version=&#8220;4.10.8&#8243; _module_preset=&#8220;default&#8220; global_colors_info=&#8220;{}&#8220;][et_pb_text _builder_version=&#8220;4.10.8&#8243; _module_preset=&#8220;default&#8220; hover_enabled=&#8220;0&#8243; global_colors_info=&#8220;{}&#8220; sticky_enabled=&#8220;0&#8243;]<\/p>\n<p style=\"text-align: center;\"><a class=\"vp-a vp-dr\" href=\"https:\/\/youtu.be\/IBSdH3UJcig\" rel=\"nofollow\" data-width=\"1280\" data-height=\"720\" data-dwrap=\"1\" data-iv=\"1\"><img decoding=\"async\" class=\"vp-img\" src=\"https:\/\/jamonesibericoseu.eu\/wp-content\/uploads\/2021\/11\/06_die_galerie.jpg\"><\/a><\/p>\n<p>[\/et_pb_text][\/et_pb_column][et_pb_column type=&#8220;1_2&#8243; _builder_version=&#8220;4.10.8&#8243; _module_preset=&#8220;default&#8220; global_colors_info=&#8220;{}&#8220;][et_pb_text _builder_version=&#8220;4.10.8&#8243; _module_preset=&#8220;default&#8220; hover_enabled=&#8220;0&#8243; global_colors_info=&#8220;{}&#8220; sticky_enabled=&#8220;0&#8243;]<\/p>\n<p style=\"text-align: center;\"><a class=\"vp-a vp-dr\" href=\"https:\/\/youtu.be\/0NoFUJN9ZmQ\" rel=\"nofollow\" data-width=\"1280\" data-height=\"720\" data-dwrap=\"1\" data-iv=\"1\"><img decoding=\"async\" class=\"vp-img\" src=\"https:\/\/jamonesibericoseu.eu\/wp-content\/uploads\/2021\/11\/07_die_leidenschaft.jpg\"><\/a><\/p>\n<p>[\/et_pb_text][\/et_pb_column][\/et_pb_row][\/et_pb_section]<\/p>\n","protected":false},"excerpt":{"rendered":"<p><a class=\"vp-a vp-dr\" href=\"https:\/\/youtu.be\/Iqh9lReq7XA\" rel=\"nofollow\" data-width=\"1280\" data-height=\"720\" data-dwrap=\"1\" data-iv=\"1\"><img decoding=\"async\" class=\"vp-img\" src=\"https:\/\/jamonesibericoseu.eu\/wp-content\/uploads\/2021\/11\/die_kunst_des_schneidens.jpg\"><\/a>Die Kunst des Schneidens Nach Jahren der Verw\u00f6hnung und Pflege ist es Zeit f\u00fcr einen guten Schnitt, um ihn in seiner ganzen Pracht zu genie\u00dfen. Und um die perfekte Scheibe zu erhalten, schneiden die Liebhaber des Jam\u00f3n Ib\u00e9ricos nicht, sondern sie \u201etranchieren%22. Wenn die Dicke und Gr\u00f6\u00dfe der Scheiben homogen und d\u00fcnn ist, ist die Pr\u00e4sentation auf dem Niveau eines Kunstwerkes. Das Schneiden des Jam\u00f3n Ib\u00e9ricos ist in der Tat eine Kunst, die im Laufe der Zeit perfektioniert wird und Ruhe erfordert. Um dieses Ritual in vollen Z\u00fcgen genie\u00dfen zu k\u00f6nnen, ist es unabdingbar, ein solches zu haben:NOTWENDIGE INSTRUMENTE SCHINKENHALTER Der Schinkenhalter, \u00a0der eine gute Fixierung und einen hohen Komfort f\u00fcr den Messerschneider gew\u00e4hrleistet. Der Schinkenhalter muss sich auf der richtigen Handh\u00f6he befinden\u00a0 und vollkommen flach und stabil sein. MESSER F\u00fcr das Schneiden ben\u00f6tigte Instrumente: Idealerweise sollte man mit drei verschiedenen, sehr scharfen Messern schneiden: ein Schinkenmesser, lang und biegsam, mit dem die Scheiben herausgeschnitten werden k\u00f6nnen; ein Messer mit Wellenschliff, um die Kruste zu entfernen (B\u00e4ckertyp); und ein kurzes, starkes, scharfes Messer in Spitzenform f\u00fcr pr\u00e4zise Schnitte in den winkeligsten Bereichen und\u00a0 zum Abl\u00f6sen des Jam\u00f3n Ib\u00e9ricos vom Knochen.<a class=\"vp-a\" href=\"\"><\/a><\/p>\n","protected":false},"author":1,"featured_media":0,"parent":0,"menu_order":0,"comment_status":"closed","ping_status":"closed","template":"","meta":{"_et_pb_use_builder":"on","_et_pb_old_content":"","_et_gb_content_width":"","footnotes":""},"class_list":["post-2189","page","type-page","status-publish","hentry"],"_links":{"self":[{"href":"https:\/\/jamonesibericoseu.eu\/de\/wp-json\/wp\/v2\/pages\/2189","targetHints":{"allow":["GET"]}}],"collection":[{"href":"https:\/\/jamonesibericoseu.eu\/de\/wp-json\/wp\/v2\/pages"}],"about":[{"href":"https:\/\/jamonesibericoseu.eu\/de\/wp-json\/wp\/v2\/types\/page"}],"author":[{"embeddable":true,"href":"https:\/\/jamonesibericoseu.eu\/de\/wp-json\/wp\/v2\/users\/1"}],"replies":[{"embeddable":true,"href":"https:\/\/jamonesibericoseu.eu\/de\/wp-json\/wp\/v2\/comments?post=2189"}],"version-history":[{"count":5,"href":"https:\/\/jamonesibericoseu.eu\/de\/wp-json\/wp\/v2\/pages\/2189\/revisions"}],"predecessor-version":[{"id":2855,"href":"https:\/\/jamonesibericoseu.eu\/de\/wp-json\/wp\/v2\/pages\/2189\/revisions\/2855"}],"wp:attachment":[{"href":"https:\/\/jamonesibericoseu.eu\/de\/wp-json\/wp\/v2\/media?parent=2189"}],"curies":[{"name":"wp","href":"https:\/\/api.w.org\/{rel}","templated":true}]}}