{"id":2128,"date":"2021-11-02T10:46:21","date_gmt":"2021-11-02T10:46:21","guid":{"rendered":"https:\/\/jamonesibericoseu.eu\/?page_id=2128"},"modified":"2021-11-02T15:31:40","modified_gmt":"2021-11-02T15:31:40","slug":"dauer","status":"publish","type":"page","link":"https:\/\/jamonesibericoseu.eu\/de\/herkunft\/dauer\/","title":{"rendered":"Dauer"},"content":{"rendered":"<p>[et_pb_section fb_built=&#8220;1&#8243; _builder_version=&#8220;4.10.8&#8243; _module_preset=&#8220;default&#8220; custom_padding=&#8220;55px|||||&#8220; global_colors_info=&#8220;{}&#8220;][et_pb_row column_structure=&#8220;1_2,1_2&#8243; _builder_version=&#8220;4.10.8&#8243; _module_preset=&#8220;default&#8220; global_colors_info=&#8220;{}&#8220;][et_pb_column type=&#8220;1_2&#8243; _builder_version=&#8220;4.10.8&#8243; _module_preset=&#8220;default&#8220; global_colors_info=&#8220;{}&#8220;][et_pb_image src=&#8220;https:\/\/jamonesibericoseu.eu\/wp-content\/uploads\/2021\/10\/tiempo.jpg&#8220; title_text=&#8220;Dauer&#8220; _builder_version=&#8220;4.10.8&#8243; _module_preset=&#8220;default&#8220; global_colors_info=&#8220;{}&#8220;][\/et_pb_image][\/et_pb_column][et_pb_column type=&#8220;1_2&#8243; _builder_version=&#8220;4.10.8&#8243; _module_preset=&#8220;default&#8220; global_colors_info=&#8220;{}&#8220;][et_pb_text _builder_version=&#8220;4.10.8&#8243; _module_preset=&#8220;default&#8220; text_font_size=&#8220;16px&#8220; header_font=&#8220;|700|||||||&#8220; header_text_color=&#8220;#a31c27&#8243; global_colors_info=&#8220;{}&#8220;]<\/p>\n<h1>Der Genuss von Jam\u00f3n Ib\u00e9rico dauert ein paar Sekunden. Die Verarbeitung dauert jedoch sehr lange.<\/h1>\n<p>Wenn es etwas gibt, das den Herstellungsprozess eines Jam\u00f3n Ib\u00e9ricos kennzeichnet, dann ist es, <strong>DASS ES SICH UM EIN NAT\u00dcRLICHES VERFAHREN HANDELT, DAS AUF LANGEN VERARBEITUNGS- UND REIFUNGSZEITEN BERUHT.<\/strong> Die Qualit\u00e4tsnorm (RD 4\/2014), die die Herstellung von Jam\u00f3n Ib\u00e9rico regelt, schreibt eine Mindestreifezeit von 20 Monaten vor, doch in der Realit\u00e4t dauert diese Zeitspanne normalerweise Jahre. 4, 5, 6, 7&#8230;JAHRE k\u00f6nnen vergehen, um das unverwechselbare Aroma und den Geschmack des Jam\u00f3n Ib\u00e9ricos zu genie\u00dfen.[\/et_pb_text][et_pb_text _builder_version=&#8220;4.10.8&#8243; _module_preset=&#8220;default&#8220; hover_enabled=&#8220;0&#8243; global_colors_info=&#8220;{}&#8220; sticky_enabled=&#8220;0&#8243;]<a class=\"vp-a vp-dr\" href=\"https:\/\/youtu.be\/Rr0XKCqt-MI\" rel=\"nofollow\" data-width=\"1280\" data-height=\"720\" data-dwrap=\"1\" data-iv=\"1\"><img decoding=\"async\" class=\"vp-img\" src=\"https:\/\/jamonesibericoseu.eu\/wp-content\/uploads\/2021\/09\/video_produccion.jpg\"><\/a>[\/et_pb_text][\/et_pb_column][\/et_pb_row][et_pb_row column_structure=&#8220;1_3,1_3,1_3&#8243; _builder_version=&#8220;4.10.8&#8243; _module_preset=&#8220;default&#8220; global_colors_info=&#8220;{}&#8220;][et_pb_column type=&#8220;1_3&#8243; _builder_version=&#8220;4.10.8&#8243; _module_preset=&#8220;default&#8220; global_colors_info=&#8220;{}&#8220;][et_pb_text _builder_version=&#8220;4.10.8&#8243; _module_preset=&#8220;default&#8220; hover_enabled=&#8220;0&#8243; global_colors_info=&#8220;{}&#8220; sticky_enabled=&#8220;0&#8243;]<a class=\"vp-a vp-dr\" href=\"https:\/\/youtu.be\/0LA3KwbLo78\" rel=\"nofollow\" data-width=\"1280\" data-height=\"720\" data-dwrap=\"1\" data-iv=\"1\"><img decoding=\"async\" class=\"vp-img\" src=\"https:\/\/jamonesibericoseu.eu\/wp-content\/uploads\/2021\/11\/die_zeit_ist_alles_de.jpg\"><\/a>[\/et_pb_text][et_pb_text _builder_version=&#8220;4.10.8&#8243; _module_preset=&#8220;default&#8220; text_font_size=&#8220;16px&#8220; header_4_font=&#8220;|700|||||||&#8220; header_4_text_color=&#8220;#a31c27&#8243; global_colors_info=&#8220;{}&#8220;]<\/p>\n<h4><strong>ZEIT IST ALLES<\/strong><\/h4>\n<p>Es dauert Jahre, bis sich eine Rasse etabliert hat. Es dauert Jahrzehnte, bis eine Steineiche Eicheln produziert. Es dauert Jahrhunderte, bis eine Tradition weitergegeben wird. <strong>Ein Jam\u00f3n Ib\u00e9rico braucht Zeit, viel Zeit, um unser bestes Identit\u00e4tsmerkmal zu werden.<\/strong>[\/et_pb_text][\/et_pb_column][et_pb_column type=&#8220;1_3&#8243; _builder_version=&#8220;4.10.8&#8243; _module_preset=&#8220;default&#8220; global_colors_info=&#8220;{}&#8220;][et_pb_text _builder_version=&#8220;4.10.8&#8243; _module_preset=&#8220;default&#8220; hover_enabled=&#8220;0&#8243; global_colors_info=&#8220;{}&#8220; sticky_enabled=&#8220;0&#8243;]<a class=\"vp-a vp-dr\" href=\"https:\/\/youtu.be\/8lmFmSQZp4U\" rel=\"nofollow\" data-width=\"1280\" data-height=\"720\" data-dwrap=\"1\" data-iv=\"1\"><img decoding=\"async\" class=\"vp-img\" src=\"https:\/\/jamonesibericoseu.eu\/wp-content\/uploads\/2021\/11\/zeit_des_einzelzens_de.jpg\"><\/a>[\/et_pb_text][et_pb_text _builder_version=&#8220;4.10.8&#8243; _module_preset=&#8220;default&#8220; text_font_size=&#8220;16px&#8220; header_4_font=&#8220;|700|||||||&#8220; header_4_text_color=&#8220;#a31c27&#8243; hover_enabled=&#8220;0&#8243; global_colors_info=&#8220;{}&#8220; admin_label=&#8220;Text&#8220; sticky_enabled=&#8220;0&#8243;]<\/p>\n<h4><strong>DAUER DES EINSALZENS<\/strong><\/h4>\n<p>1 TAG pro Kilo.<br \/>\nVor dem Salzen wird das St\u00fcck geformt und angepasst. Anschlie\u00dfend wird es mit Feuchtsalz bedeckt, und zwar etwa einen Tag pro Kilo. Salz wird verwendet, um den Wasserentzug und die Konservierung auf nat\u00fcrliche Weise zu erleichtern.[\/et_pb_text][\/et_pb_column][et_pb_column type=&#8220;1_3&#8243; _builder_version=&#8220;4.10.8&#8243; _module_preset=&#8220;default&#8220; global_colors_info=&#8220;{}&#8220;][et_pb_text _builder_version=&#8220;4.10.8&#8243; _module_preset=&#8220;default&#8220; hover_enabled=&#8220;0&#8243; global_colors_info=&#8220;{}&#8220; sticky_enabled=&#8220;0&#8243;]<a class=\"vp-a vp-dr\" href=\"https:\/\/youtu.be\/tB5PwvxBrRg\" rel=\"nofollow\" data-width=\"1280\" data-height=\"720\" data-dwrap=\"1\" data-iv=\"1\"><img decoding=\"async\" class=\"vp-img\" src=\"https:\/\/jamonesibericoseu.eu\/wp-content\/uploads\/2021\/11\/zeit_zur_festigung_de.jpg\"><\/a>[\/et_pb_text][et_pb_text _builder_version=&#8220;4.10.8&#8243; _module_preset=&#8220;default&#8220; text_font_size=&#8220;16px&#8220; header_4_font=&#8220;|700|||||||&#8220; header_4_text_color=&#8220;#a31c27&#8243; global_colors_info=&#8220;{}&#8220;]<\/p>\n<h4><strong>DAUER DES ASENTADOS UND SECADOS<\/strong><\/h4>\n<p>1 bis 3 MONATE.<br \/>\nDer Jam\u00f3n Ib\u00e9rico beginnt eine Reise durch verschiedene R\u00e4ume, in denen die Temperatur schrittweise ansteigt und die Luftfeuchtigkeit abnimmt, um eine gleichm\u00e4\u00dfige Verteilung des Salzes zu erreichen.[\/et_pb_text][\/et_pb_column][\/et_pb_row][et_pb_row column_structure=&#8220;1_3,1_3,1_3&#8243; _builder_version=&#8220;4.10.8&#8243; _module_preset=&#8220;default&#8220; global_colors_info=&#8220;{}&#8220;][et_pb_column type=&#8220;1_3&#8243; _builder_version=&#8220;4.10.8&#8243; _module_preset=&#8220;default&#8220; global_colors_info=&#8220;{}&#8220;][et_pb_text _builder_version=&#8220;4.10.8&#8243; _module_preset=&#8220;default&#8220; global_colors_info=&#8220;{}&#8220;]<a class=\"vp-a vp-dr\" href=\"https:\/\/youtu.be\/7rr27bOReSc\" rel=\"nofollow\" data-width=\"1280\" data-height=\"720\" data-dwrap=\"1\" data-iv=\"1\"><img decoding=\"async\" class=\"vp-img\" src=\"https:\/\/jamonesibericoseu.eu\/wp-content\/uploads\/2021\/11\/zeit_fur_die_reifung_de.jpg\"><\/a>[\/et_pb_text][et_pb_text _builder_version=&#8220;4.10.8&#8243; _module_preset=&#8220;default&#8220; text_font_size=&#8220;16px&#8220; header_4_font=&#8220;|700|||||||&#8220; header_4_text_color=&#8220;#a31c27&#8243; global_colors_info=&#8220;{}&#8220;]<\/p>\n<h4><strong>REIFUNGS- UND ALTERUNGSPROZESS<\/strong><\/h4>\n<p>2 BIS 3 JAHRE.<br \/>\nDer Jam\u00f3n Ib\u00e9rico ruht in nat\u00fcrlichen Trockenr\u00e4umen, in denen Feuchtigkeit und Temperatur einfach durch das \u00d6ffnen und Schlie\u00dfen von Fenstern geregelt werden, was durch die Wetterbedingungen der Umgebung beg\u00fcnstigt wird. \u00a0Es kann aber auch in KELLERN gereift werden. K\u00fchle, unbeleuchtete Orte, an denen das St\u00fcck sehr langsam und vorsichtig altert. In dieser Phase findet das %22SCHWITZEN %22 des St\u00fccks statt. \u00a0\u00a0Das hei\u00dft, die Diffusion des infiltrierten Fettes, das f\u00fcr den einzigartigen Geschmack und das Aroma des Jam\u00f3n Ib\u00e9ricos verantwortlich ist. In dieser Reifephase erh\u00e4lt der Schinken seinen charakteristischen Geruch, seine Textur und seine Farbe.[\/et_pb_text][\/et_pb_column][et_pb_column type=&#8220;1_3&#8243; _builder_version=&#8220;4.10.8&#8243; _module_preset=&#8220;default&#8220; global_colors_info=&#8220;{}&#8220;][et_pb_text _builder_version=&#8220;4.10.8&#8243; _module_preset=&#8220;default&#8220; hover_enabled=&#8220;0&#8243; global_colors_info=&#8220;{}&#8220; sticky_enabled=&#8220;0&#8243;]<a class=\"vp-a vp-dr\" href=\"https:\/\/youtu.be\/OGMYFy1LMq8\" rel=\"nofollow\" data-width=\"1280\" data-height=\"720\" data-dwrap=\"1\" data-iv=\"1\"><img decoding=\"async\" class=\"vp-img\" src=\"https:\/\/jamonesibericoseu.eu\/wp-content\/uploads\/2021\/11\/zeit_des_durchbruchs_de.jpg\"><\/a>[\/et_pb_text][et_pb_text _builder_version=&#8220;4.10.8&#8243; _module_preset=&#8220;default&#8220; text_font_size=&#8220;16px&#8220; header_4_font=&#8220;|700|||||||&#8220; header_4_text_color=&#8220;#a31c27&#8243; global_colors_info=&#8220;{}&#8220;]<\/p>\n<h4><strong>DAUER DES CALADOS<\/strong><\/h4>\n<p>Einige Minuten.<br \/>\nDer Schinkenmeister sch\u00e4tzt nur durch Ber\u00fchrung ein, ob das St\u00fcck seinen optimalen Reifegrad erreicht hat, bevor er es aus dem Trockenraum nimmt, und f\u00fchrt gelegentlich die traditionelle %22Cala%22 in den Schinken ein, um zu pr\u00fcfen, ob das St\u00fcck in perfektem Zustand f\u00fcr die Vermarktung ist.[\/et_pb_text][\/et_pb_column][et_pb_column type=&#8220;1_3&#8243; _builder_version=&#8220;4.10.8&#8243; _module_preset=&#8220;default&#8220; global_colors_info=&#8220;{}&#8220;][et_pb_text _builder_version=&#8220;4.10.8&#8243; _module_preset=&#8220;default&#8220; hover_enabled=&#8220;0&#8243; global_colors_info=&#8220;{}&#8220; sticky_enabled=&#8220;0&#8243;]<a class=\"vp-a vp-dr\" href=\"https:\/\/youtu.be\/VXesIl5362I\" rel=\"nofollow\" data-width=\"1280\" data-height=\"720\" data-dwrap=\"1\" data-iv=\"1\"><img decoding=\"async\" class=\"vp-img\" src=\"https:\/\/jamonesibericoseu.eu\/wp-content\/uploads\/2021\/11\/zeit_des_genusses_de.jpg\"><\/a>[\/et_pb_text][et_pb_text _builder_version=&#8220;4.10.8&#8243; _module_preset=&#8220;default&#8220; text_font_size=&#8220;16px&#8220; header_4_font=&#8220;|700|||||||&#8220; header_4_text_color=&#8220;#a31c27&#8243; global_colors_info=&#8220;{}&#8220;]<\/p>\n<h4><strong>GENUSSDAUER<\/strong><\/h4>\n<p>4, 5, 6, 7, &#8230; JAHRE.<br \/>\nSie k\u00f6nnen einen exquisiten Teller mit Jam\u00f3n Ib\u00e9rico genie\u00dfen. In der Stille, mit dem BLICK auf das Strahlen gerichtet, das sich ausbreitet und bei BER\u00dcHRUNG schmilzt, weich und zerbrechlich. Mit unverwechselbaren AROMEN und einem einzigartigen GESCHMACK in der Welt. EIN AUGENBLICK IM MUND, EINE EWIGE ERINNERUNG.[\/et_pb_text][\/et_pb_column][\/et_pb_row][\/et_pb_section]<\/p>\n","protected":false},"excerpt":{"rendered":"<p>Der Genuss von Jam\u00f3n Ib\u00e9rico dauert ein paar Sekunden. Die Verarbeitung dauert jedoch sehr lange. Wenn es etwas gibt, das den Herstellungsprozess eines Jam\u00f3n Ib\u00e9ricos kennzeichnet, dann ist es, DASS ES SICH UM EIN NAT\u00dcRLICHES VERFAHREN HANDELT, DAS AUF LANGEN VERARBEITUNGS- UND REIFUNGSZEITEN BERUHT. Die Qualit\u00e4tsnorm (RD 4\/2014), die die Herstellung von Jam\u00f3n Ib\u00e9rico regelt, schreibt eine Mindestreifezeit von 20 Monaten vor, doch in der Realit\u00e4t dauert diese Zeitspanne normalerweise Jahre. 4, 5, 6, 7&#8230;JAHRE k\u00f6nnen vergehen, um das unverwechselbare Aroma und den Geschmack des Jam\u00f3n Ib\u00e9ricos zu genie\u00dfen.<a class=\"vp-a vp-dr\" href=\"https:\/\/youtu.be\/Rr0XKCqt-MI\" rel=\"nofollow\" data-width=\"1280\" data-height=\"720\" data-dwrap=\"1\" data-iv=\"1\"><img decoding=\"async\" class=\"vp-img\" src=\"https:\/\/jamonesibericoseu.eu\/wp-content\/uploads\/2021\/09\/video_produccion.jpg\"><\/a><a class=\"vp-a vp-dr\" href=\"https:\/\/youtu.be\/0LA3KwbLo78\" rel=\"nofollow\" data-width=\"1280\" data-height=\"720\" data-dwrap=\"1\" data-iv=\"1\"><img decoding=\"async\" class=\"vp-img\" src=\"https:\/\/jamonesibericoseu.eu\/wp-content\/uploads\/2021\/11\/die_zeit_ist_alles_de.jpg\"><\/a>ZEIT IST ALLES Es dauert Jahre, bis sich eine Rasse etabliert hat. Es dauert Jahrzehnte, bis eine Steineiche Eicheln produziert. Es dauert Jahrhunderte, bis eine Tradition weitergegeben wird. Ein Jam\u00f3n Ib\u00e9rico braucht Zeit, viel Zeit, um unser bestes Identit\u00e4tsmerkmal zu werden.<a class=\"vp-a vp-dr\" href=\"https:\/\/youtu.be\/8lmFmSQZp4U\" rel=\"nofollow\" data-width=\"1280\" data-height=\"720\" data-dwrap=\"1\" data-iv=\"1\"><img decoding=\"async\" class=\"vp-img\" src=\"https:\/\/jamonesibericoseu.eu\/wp-content\/uploads\/2021\/11\/zeit_des_einzelzens_de.jpg\"><\/a>DAUER DES EINSALZENS 1 TAG pro Kilo. Vor dem Salzen wird das St\u00fcck geformt und angepasst. Anschlie\u00dfend wird es mit Feuchtsalz bedeckt, und zwar etwa einen Tag pro Kilo. Salz wird verwendet, um den Wasserentzug und die Konservierung auf nat\u00fcrliche Weise zu [&hellip;]<\/p>\n","protected":false},"author":1,"featured_media":0,"parent":5741,"menu_order":3,"comment_status":"closed","ping_status":"closed","template":"","meta":{"_et_pb_use_builder":"on","_et_pb_old_content":"","_et_gb_content_width":"","footnotes":""},"class_list":["post-2128","page","type-page","status-publish","hentry"],"_links":{"self":[{"href":"https:\/\/jamonesibericoseu.eu\/de\/wp-json\/wp\/v2\/pages\/2128","targetHints":{"allow":["GET"]}}],"collection":[{"href":"https:\/\/jamonesibericoseu.eu\/de\/wp-json\/wp\/v2\/pages"}],"about":[{"href":"https:\/\/jamonesibericoseu.eu\/de\/wp-json\/wp\/v2\/types\/page"}],"author":[{"embeddable":true,"href":"https:\/\/jamonesibericoseu.eu\/de\/wp-json\/wp\/v2\/users\/1"}],"replies":[{"embeddable":true,"href":"https:\/\/jamonesibericoseu.eu\/de\/wp-json\/wp\/v2\/comments?post=2128"}],"version-history":[{"count":5,"href":"https:\/\/jamonesibericoseu.eu\/de\/wp-json\/wp\/v2\/pages\/2128\/revisions"}],"predecessor-version":[{"id":2826,"href":"https:\/\/jamonesibericoseu.eu\/de\/wp-json\/wp\/v2\/pages\/2128\/revisions\/2826"}],"up":[{"embeddable":true,"href":"https:\/\/jamonesibericoseu.eu\/de\/wp-json\/wp\/v2\/pages\/5741"}],"wp:attachment":[{"href":"https:\/\/jamonesibericoseu.eu\/de\/wp-json\/wp\/v2\/media?parent=2128"}],"curies":[{"name":"wp","href":"https:\/\/api.w.org\/{rel}","templated":true}]}}