{"id":2093,"date":"2021-11-02T10:22:15","date_gmt":"2021-11-02T10:22:15","guid":{"rendered":"https:\/\/jamonesibericoseu.eu\/?page_id=2093"},"modified":"2021-11-02T14:37:27","modified_gmt":"2021-11-02T14:37:27","slug":"rasse","status":"publish","type":"page","link":"https:\/\/jamonesibericoseu.eu\/de\/herkunft\/rasse\/","title":{"rendered":"Rasse"},"content":{"rendered":"<p>[et_pb_section fb_built=&#8220;1&#8243; _builder_version=&#8220;4.10.8&#8243; _module_preset=&#8220;default&#8220; global_colors_info=&#8220;{}&#8220;][et_pb_row column_structure=&#8220;1_2,1_2&#8243; _builder_version=&#8220;4.10.8&#8243; _module_preset=&#8220;default&#8220; global_colors_info=&#8220;{}&#8220;][et_pb_column type=&#8220;1_2&#8243; _builder_version=&#8220;4.10.8&#8243; _module_preset=&#8220;default&#8220; global_colors_info=&#8220;{}&#8220;][et_pb_image src=&#8220;https:\/\/jamonesibericoseu.eu\/wp-content\/uploads\/2021\/09\/prueba_raza2.jpg&#8220; title_text=&#8220;Rasse&#8220; _builder_version=&#8220;4.10.8&#8243; _module_preset=&#8220;default&#8220; global_colors_info=&#8220;{}&#8220;][\/et_pb_image][et_pb_image src=&#8220;https:\/\/jamonesibericoseu.eu\/wp-content\/uploads\/2021\/11\/raza_grafismo_de.gif&#8220; title_text=&#8220;raza_grafismo_de&#8220; _builder_version=&#8220;4.10.8&#8243; _module_preset=&#8220;default&#8220; hover_enabled=&#8220;0&#8243; global_colors_info=&#8220;{}&#8220; sticky_enabled=&#8220;0&#8243;][\/et_pb_image][\/et_pb_column][et_pb_column type=&#8220;1_2&#8243; _builder_version=&#8220;4.10.8&#8243; _module_preset=&#8220;default&#8220; global_colors_info=&#8220;{}&#8220;][et_pb_text _builder_version=&#8220;4.10.8&#8243; _module_preset=&#8220;default&#8220; text_font_size=&#8220;16px&#8220; header_font=&#8220;|700||on|||||&#8220; header_text_color=&#8220;#a31c27&#8243; header_2_font=&#8220;|700||on|||||&#8220; background_color=&#8220;RGBA(0,0,0,0)&#8220; z_index=&#8220;500&#8243; sticky_limit_bottom=&#8220;body&#8220; global_colors_info=&#8220;{}&#8220;]<\/p>\n<h1>Eine einzigartige Rasse<\/h1>\n<p>Jam\u00f3n Ib\u00e9rico ist ein weltweit einzigartiges Produkt. <strong>\u00a0<\/strong>\u00a0Nicht nur, weil die Eichelschinkenprodukte von Schweinen stammen, die in der Dehesa aufgezogen werden, einer unvergleichlichen nat\u00fcrlichen Umgebung, die es nur auf der Iberischen Halbinsel gibt, sondern auch, weil die iberische Schweinerasse ebenfalls EINZIGARTIG ist.<\/p>\n<p>Die iberische Rasse ist das Herzst\u00fcck eines Lebensstils, bei dem der Jam\u00f3n Ib\u00e9rico im Mittelpunkt steht. Sie ist verbunden mit der mediterranen Ern\u00e4hrung, den Menschen, der l\u00e4ndlichen Umgebung und den \u00fcberlieferten Praktiken, die Teil der europ\u00e4ischen Kultur und Tradition sind.<\/p>\n<p><strong>Die Rasse und die Ern\u00e4hrung sind die beiden Hauptkriterien f\u00fcr die Klassifizierung des Jam\u00f3n Ib\u00e9ricos. <\/strong>\u00a0Die Kenntnis der Rasse des iberischen Schweins ist unerl\u00e4sslich, um die verschiedenen Kategorien des Jam\u00f3n Ib\u00e9ricos auf dem Markt genau zu kennen.\u00a0<strong>Je nach der Art der Kreuzung, die stattgefunden hat, k\u00f6nnen wir Tiere finden:<\/strong><\/p>\n<p><strong>100% Ib\u00e9ricos:<\/strong> die Mutter und der Vater des Tiers sind 100% Ib\u00e9rico, und eingetragen in das Zuchtbuch der Rasse.<\/p>\n<p><strong>Ib\u00e9ricos (75% iberische Rasse): <\/strong>Die Mutter ist 100% Ib\u00e9rica, eingetragen im Zuchtbuch, und der Vater ist 50% Ib\u00e9rico.<\/p>\n<p><strong>Ib\u00e9ricos (50% iberische Rasse):<\/strong> die Mutter ist 100% Ib\u00e9rica und der Vater ist ein Duroc-Schwein, beide sind im jeweiligen Zuchtbuch eingetragen.[\/et_pb_text][\/et_pb_column][\/et_pb_row][\/et_pb_section]<\/p>\n","protected":false},"excerpt":{"rendered":"<p>Eine einzigartige Rasse Jam\u00f3n Ib\u00e9rico ist ein weltweit einzigartiges Produkt. \u00a0\u00a0Nicht nur, weil die Eichelschinkenprodukte von Schweinen stammen, die in der Dehesa aufgezogen werden, einer unvergleichlichen nat\u00fcrlichen Umgebung, die es nur auf der Iberischen Halbinsel gibt, sondern auch, weil die iberische Schweinerasse ebenfalls EINZIGARTIG ist. Die iberische Rasse ist das Herzst\u00fcck eines Lebensstils, bei dem der Jam\u00f3n Ib\u00e9rico im Mittelpunkt steht. Sie ist verbunden mit der mediterranen Ern\u00e4hrung, den Menschen, der l\u00e4ndlichen Umgebung und den \u00fcberlieferten Praktiken, die Teil der europ\u00e4ischen Kultur und Tradition sind. Die Rasse und die Ern\u00e4hrung sind die beiden Hauptkriterien f\u00fcr die Klassifizierung des Jam\u00f3n Ib\u00e9ricos. \u00a0Die Kenntnis der Rasse des iberischen Schweins ist unerl\u00e4sslich, um die verschiedenen Kategorien des Jam\u00f3n Ib\u00e9ricos auf dem Markt genau zu kennen.\u00a0Je nach der Art der Kreuzung, die stattgefunden hat, k\u00f6nnen wir Tiere finden: 100% Ib\u00e9ricos: die Mutter und der Vater des Tiers sind 100% Ib\u00e9rico, und eingetragen in das Zuchtbuch der Rasse. Ib\u00e9ricos (75% iberische Rasse): Die Mutter ist 100% Ib\u00e9rica, eingetragen im Zuchtbuch, und der Vater ist 50% Ib\u00e9rico. Ib\u00e9ricos (50% iberische Rasse): die Mutter ist 100% Ib\u00e9rica und der Vater ist ein Duroc-Schwein, beide sind im jeweiligen Zuchtbuch eingetragen.<\/p>\n","protected":false},"author":2,"featured_media":0,"parent":5741,"menu_order":1,"comment_status":"closed","ping_status":"closed","template":"","meta":{"_et_pb_use_builder":"on","_et_pb_old_content":"","_et_gb_content_width":"","footnotes":""},"class_list":["post-2093","page","type-page","status-publish","hentry"],"_links":{"self":[{"href":"https:\/\/jamonesibericoseu.eu\/de\/wp-json\/wp\/v2\/pages\/2093","targetHints":{"allow":["GET"]}}],"collection":[{"href":"https:\/\/jamonesibericoseu.eu\/de\/wp-json\/wp\/v2\/pages"}],"about":[{"href":"https:\/\/jamonesibericoseu.eu\/de\/wp-json\/wp\/v2\/types\/page"}],"author":[{"embeddable":true,"href":"https:\/\/jamonesibericoseu.eu\/de\/wp-json\/wp\/v2\/users\/2"}],"replies":[{"embeddable":true,"href":"https:\/\/jamonesibericoseu.eu\/de\/wp-json\/wp\/v2\/comments?post=2093"}],"version-history":[{"count":6,"href":"https:\/\/jamonesibericoseu.eu\/de\/wp-json\/wp\/v2\/pages\/2093\/revisions"}],"predecessor-version":[{"id":2764,"href":"https:\/\/jamonesibericoseu.eu\/de\/wp-json\/wp\/v2\/pages\/2093\/revisions\/2764"}],"up":[{"embeddable":true,"href":"https:\/\/jamonesibericoseu.eu\/de\/wp-json\/wp\/v2\/pages\/5741"}],"wp:attachment":[{"href":"https:\/\/jamonesibericoseu.eu\/de\/wp-json\/wp\/v2\/media?parent=2093"}],"curies":[{"name":"wp","href":"https:\/\/api.w.org\/{rel}","templated":true}]}}