{"id":2033,"date":"2021-09-27T10:02:43","date_gmt":"2021-09-27T10:02:43","guid":{"rendered":"https:\/\/jamonesibericoseu.eu\/tan-solo-necesitas-6cm-para-despertar-tu-sentido-iberico\/"},"modified":"2021-11-02T14:06:14","modified_gmt":"2021-11-02T14:06:14","slug":"du-brauchst-nur-6-cm-um-deinen-iberico-sinn-zu-erwecken","status":"publish","type":"page","link":"https:\/\/jamonesibericoseu.eu\/de\/du-brauchst-nur-6-cm-um-deinen-iberico-sinn-zu-erwecken\/","title":{"rendered":"Du brauchst nur  6 cm, um deinen Ib\u00e9rico-Sinn zu erwecken"},"content":{"rendered":"<p>[et_pb_section fb_built=&#8220;1&#8243; _builder_version=&#8220;4.10.8&#8243; _module_preset=&#8220;default&#8220; global_colors_info=&#8220;{}&#8220;][et_pb_row column_structure=&#8220;1_2,1_2&#8243; _builder_version=&#8220;4.10.8&#8243; _module_preset=&#8220;default&#8220; global_colors_info=&#8220;{}&#8220;][et_pb_column type=&#8220;1_2&#8243; _builder_version=&#8220;4.10.8&#8243; _module_preset=&#8220;default&#8220; global_colors_info=&#8220;{}&#8220;][et_pb_image src=&#8220;https:\/\/jamonesibericoseu.eu\/wp-content\/uploads\/2021\/10\/6_centimetrosb.jpg&#8220; title_text=&#8220;6_centimetrosb&#8220; _builder_version=&#8220;4.10.8&#8243; _module_preset=&#8220;default&#8220; global_colors_info=&#8220;{}&#8220;][\/et_pb_image][\/et_pb_column][et_pb_column type=&#8220;1_2&#8243; _builder_version=&#8220;4.10.8&#8243; _module_preset=&#8220;default&#8220; global_colors_info=&#8220;{}&#8220;][et_pb_text _builder_version=&#8220;4.10.8&#8243; _module_preset=&#8220;default&#8220; text_font_size=&#8220;16px&#8220; header_font=&#8220;|700|||||||&#8220; header_text_color=&#8220;#a31c27&#8243; header_line_height=&#8220;1.2em&#8220; global_colors_info=&#8220;{}&#8220;]<\/p>\n<h1><strong>Du brauchst nur 6 cm, um deinen Ib\u00e9rico-Sinn zu erwecken<\/strong><\/h1>\n<p>Dies ist die <strong>perfekte Gr\u00f6\u00dfe<\/strong> f\u00fcr jede <strong>Scheibe Jam\u00f3n Ib\u00e9rico<\/strong>, um sie mit all ihren Texturen, Aromen und ihrem unvergleichlichen Geschmack zu genie\u00dfen.<\/p>\n<p>Und um die perfekte Scheibe zu erhalten, schneiden die Liebhaber des Jam\u00f3n Ib\u00e9ricos nicht, sondern sie <strong>\u201e<\/strong><strong>tranchieren%22<\/strong>. Denn wenn es darum geht, den<strong> Ib\u00e9rico-Sinn<\/strong> zu wecken, sind Dicke und Breite von grundlegender Bedeutung, um diese au\u00dfergew\u00f6hnliche <strong>Geschmacksexplosion<\/strong> am Gaumen zu f\u00f6rdern.<\/p>\n<p><strong>Das Schneiden des Jam\u00f3n Ib\u00e9ricos<\/strong> ist in der Tat eine Kunst, die im Laufe der Zeit perfektioniert wird und <strong>Technik und Hingabe<\/strong> erfordert. Wenn der Meisterschneider eine <strong>perfekte, ausgewogene Scheibe<\/strong> hinbekommt, sagen wir, dass die Pr\u00e4sentation auf dem Niveau eines <strong>Kunstwerks<\/strong> ist.<\/p>\n<p>All dies macht den Genuss des Jam\u00f3n Ib\u00e9ricos zu einem sinnlichen Erlebnis. Und je \u00f6fter du ihn kostest, desto st\u00e4rker pr\u00e4gst du deinen Ib\u00e9rico-Sinn aus.[\/et_pb_text][\/et_pb_column][\/et_pb_row][et_pb_row _builder_version=&#8220;4.10.8&#8243; _module_preset=&#8220;default&#8220; global_colors_info=&#8220;{}&#8220;][et_pb_column type=&#8220;4_4&#8243; _builder_version=&#8220;4.10.8&#8243; _module_preset=&#8220;default&#8220; global_colors_info=&#8220;{}&#8220;][et_pb_text _builder_version=&#8220;4.10.8&#8243; _module_preset=&#8220;default&#8220; hover_enabled=&#8220;0&#8243; global_colors_info=&#8220;{}&#8220; sticky_enabled=&#8220;0&#8243;]<\/p>\n<p style=\"text-align: center;\"><a class=\"vp-a vp-dr\" href=\"https:\/\/youtu.be\/Iqh9lReq7XA\" rel=\"nofollow\" data-width=\"1280\" data-height=\"720\" data-dwrap=\"1\" data-iv=\"1\"><img decoding=\"async\" class=\"vp-img\" src=\"https:\/\/jamonesibericoseu.eu\/wp-content\/uploads\/2021\/11\/die_kunst_des_schneidens.jpg\"><\/a><\/p>\n<p>[\/et_pb_text][\/et_pb_column][\/et_pb_row][\/et_pb_section]<\/p>\n","protected":false},"excerpt":{"rendered":"<p>Du brauchst nur 6 cm, um deinen Ib\u00e9rico-Sinn zu erwecken Dies ist die perfekte Gr\u00f6\u00dfe f\u00fcr jede Scheibe Jam\u00f3n Ib\u00e9rico, um sie mit all ihren Texturen, Aromen und ihrem unvergleichlichen Geschmack zu genie\u00dfen. Und um die perfekte Scheibe zu erhalten, schneiden die Liebhaber des Jam\u00f3n Ib\u00e9ricos nicht, sondern sie \u201etranchieren%22. Denn wenn es darum geht, den Ib\u00e9rico-Sinn zu wecken, sind Dicke und Breite von grundlegender Bedeutung, um diese au\u00dfergew\u00f6hnliche Geschmacksexplosion am Gaumen zu f\u00f6rdern. Das Schneiden des Jam\u00f3n Ib\u00e9ricos ist in der Tat eine Kunst, die im Laufe der Zeit perfektioniert wird und Technik und Hingabe erfordert. Wenn der Meisterschneider eine perfekte, ausgewogene Scheibe hinbekommt, sagen wir, dass die Pr\u00e4sentation auf dem Niveau eines Kunstwerks ist. All dies macht den Genuss des Jam\u00f3n Ib\u00e9ricos zu einem sinnlichen Erlebnis. Und je \u00f6fter du ihn kostest, desto st\u00e4rker pr\u00e4gst du deinen Ib\u00e9rico-Sinn aus.<a class=\"vp-a vp-dr\" href=\"https:\/\/youtu.be\/Iqh9lReq7XA\" rel=\"nofollow\" data-width=\"1280\" data-height=\"720\" data-dwrap=\"1\" data-iv=\"1\"><img decoding=\"async\" class=\"vp-img\" src=\"https:\/\/jamonesibericoseu.eu\/wp-content\/uploads\/2021\/11\/die_kunst_des_schneidens.jpg\"><\/a><\/p>\n","protected":false},"author":1,"featured_media":0,"parent":0,"menu_order":0,"comment_status":"closed","ping_status":"closed","template":"","meta":{"_et_pb_use_builder":"on","_et_pb_old_content":"","_et_gb_content_width":"","footnotes":""},"class_list":["post-2033","page","type-page","status-publish","hentry"],"_links":{"self":[{"href":"https:\/\/jamonesibericoseu.eu\/de\/wp-json\/wp\/v2\/pages\/2033","targetHints":{"allow":["GET"]}}],"collection":[{"href":"https:\/\/jamonesibericoseu.eu\/de\/wp-json\/wp\/v2\/pages"}],"about":[{"href":"https:\/\/jamonesibericoseu.eu\/de\/wp-json\/wp\/v2\/types\/page"}],"author":[{"embeddable":true,"href":"https:\/\/jamonesibericoseu.eu\/de\/wp-json\/wp\/v2\/users\/1"}],"replies":[{"embeddable":true,"href":"https:\/\/jamonesibericoseu.eu\/de\/wp-json\/wp\/v2\/comments?post=2033"}],"version-history":[{"count":6,"href":"https:\/\/jamonesibericoseu.eu\/de\/wp-json\/wp\/v2\/pages\/2033\/revisions"}],"predecessor-version":[{"id":2464,"href":"https:\/\/jamonesibericoseu.eu\/de\/wp-json\/wp\/v2\/pages\/2033\/revisions\/2464"}],"wp:attachment":[{"href":"https:\/\/jamonesibericoseu.eu\/de\/wp-json\/wp\/v2\/media?parent=2033"}],"curies":[{"name":"wp","href":"https:\/\/api.w.org\/{rel}","templated":true}]}}