{"id":2020,"date":"2021-09-27T13:12:01","date_gmt":"2021-09-27T13:12:01","guid":{"rendered":"https:\/\/jamonesibericoseu.eu\/hola-hello-salut-hallo-ni-hao-ya\/"},"modified":"2022-03-08T09:59:18","modified_gmt":"2022-03-08T09:59:18","slug":"hola-hello-salut-hallo-ni-hao-ya","status":"publish","type":"page","link":"https:\/\/jamonesibericoseu.eu\/de\/hola-hello-salut-hallo-ni-hao-ya\/","title":{"rendered":"Hallo, hola, hello, salut, N\u01d0 h\u01ceo ya\u2026"},"content":{"rendered":"<p>[et_pb_section fb_built=&#8220;1&#8243; _builder_version=&#8220;4.10.8&#8243; _module_preset=&#8220;default&#8220; global_colors_info=&#8220;{}&#8220;][et_pb_row column_structure=&#8220;1_2,1_2&#8243; _builder_version=&#8220;4.10.8&#8243; _module_preset=&#8220;default&#8220; global_colors_info=&#8220;{}&#8220;][et_pb_column type=&#8220;1_2&#8243; _builder_version=&#8220;4.10.8&#8243; _module_preset=&#8220;default&#8220; global_colors_info=&#8220;{}&#8220;][et_pb_image src=&#8220;https:\/\/jamonesibericoseu.eu\/wp-content\/uploads\/2021\/10\/influencers-scaled.jpg&#8220; title_text=&#8220;influencers&#8220; _builder_version=&#8220;4.10.8&#8243; _module_preset=&#8220;default&#8220; global_colors_info=&#8220;{}&#8220;][\/et_pb_image][\/et_pb_column][et_pb_column type=&#8220;1_2&#8243; _builder_version=&#8220;4.10.8&#8243; _module_preset=&#8220;default&#8220; global_colors_info=&#8220;{}&#8220;][et_pb_text _builder_version=&#8220;4.10.8&#8243; _module_preset=&#8220;default&#8220; text_font_size=&#8220;16px&#8220; header_font=&#8220;|700|||||||&#8220; header_text_color=&#8220;#a31c27&#8243; header_line_height=&#8220;1.2em&#8220; global_colors_info=&#8220;{}&#8220;]<\/p>\n<h1>HOLA, HELLO, SALUT, HALLO, N\u01cf H\u01cdO YA\u2026<\/h1>\n<p>Der <strong>Jam\u00f3n Ib\u00e9rico aus Spanien<\/strong> ist eines der internationalsten Produkte der <strong>europ\u00e4ischen Kultur und Gastronomie<\/strong>.<strong><br \/>\n<\/strong><br \/>\nDeshalb wollen wir der Welt zeigen, <strong>wie man ihn WIRKLICH genie\u00dfen kann.<br \/>\n<\/strong><br \/>\nUnd das werden wir dir auf <strong>Spanisch, Deutsch, Franz\u00f6sisch&#8230; und sogar Chinesisch<\/strong> erkl\u00e4ren!<strong><br \/>\n<\/strong><br \/>\nTrete <strong>unserer Gemeinschaft<\/strong> bei und sage der Welt:\u00a0 <strong>Erwecke deinen Ib\u00e9rico-Sinn!<\/strong>[\/et_pb_text][\/et_pb_column][\/et_pb_row][et_pb_row _builder_version=&#8220;4.10.8&#8243; _module_preset=&#8220;default&#8220; global_colors_info=&#8220;{}&#8220;][et_pb_column type=&#8220;4_4&#8243; _builder_version=&#8220;4.10.8&#8243; _module_preset=&#8220;default&#8220; global_colors_info=&#8220;{}&#8220;][et_pb_text _builder_version=&#8220;4.13.0&#8243; _module_preset=&#8220;default&#8220; global_colors_info=&#8220;{}&#8220;]<\/p>\n<a class=\"vp-a vp-dr\" href=\"https:\/\/youtu.be\/jaYUbPrZMQo\" rel=\"nofollow\" data-width=\"1920\" data-height=\"1080\" data-dwrap=\"1\" data-controls=\"1\" data-iv=\"1\"><img decoding=\"async\" class=\"vp-img\" src=\"https:\/\/jamonesibericoseu.eu\/wp-content\/uploads\/2021\/10\/Video-hola.jpg\"><\/a>\n<p>[\/et_pb_text][\/et_pb_column][\/et_pb_row][et_pb_row column_structure=&#8220;1_4,1_4,1_4,1_4&#8243; use_custom_gutter=&#8220;on&#8220; gutter_width=&#8220;1&#8243; _builder_version=&#8220;4.13.0&#8243; _module_preset=&#8220;default&#8220; background_color=&#8220;#f2f2f2&#8243; width=&#8220;60%&#8220; global_colors_info=&#8220;{}&#8220; global_module=&#8220;4379&#8243; theme_builder_area=&#8220;post_content&#8220;][et_pb_column type=&#8220;1_4&#8243; _builder_version=&#8220;4.13.0&#8243; _module_preset=&#8220;default&#8220; global_colors_info=&#8220;{}&#8220; theme_builder_area=&#8220;post_content&#8220;][et_pb_image src=&#8220;https:\/\/jamonesibericoseu.eu\/wp-content\/uploads\/2022\/01\/amandine.png&#8220; title_text=&#8220;amandine&#8220; url=&#8220;https:\/\/www.instagram.com\/amandinechaignot\/tv\/CYOJLhXADxv\/?utm_medium=copy_link&#8220; url_new_window=&#8220;on&#8220; _builder_version=&#8220;4.13.0&#8243; _module_preset=&#8220;default&#8220; global_colors_info=&#8220;{}&#8220; theme_builder_area=&#8220;post_content&#8220;][\/et_pb_image][et_pb_image src=&#8220;https:\/\/jamonesibericoseu.eu\/wp-content\/uploads\/2022\/01\/gaytan_02A.png&#8220; title_text=&#8220;gaytan_02A&#8220; url=&#8220;https:\/\/www.instagram.com\/p\/CWKB4FgLZDe\/?utm_medium=copy_link&#8220; url_new_window=&#8220;on&#8220; _builder_version=&#8220;4.13.0&#8243; _module_preset=&#8220;default&#8220; global_colors_info=&#8220;{}&#8220; theme_builder_area=&#8220;post_content&#8220;][\/et_pb_image][\/et_pb_column][et_pb_column type=&#8220;1_4&#8243; _builder_version=&#8220;4.13.0&#8243; _module_preset=&#8220;default&#8220; global_colors_info=&#8220;{}&#8220; theme_builder_area=&#8220;post_content&#8220;][et_pb_image src=&#8220;https:\/\/jamonesibericoseu.eu\/wp-content\/uploads\/2022\/01\/christian.png&#8220; title_text=&#8220;christian&#8220; url=&#8220;https:\/\/www.instagram.com\/tv\/CXtFbuNqJ95\/?utm_medium=copy_link&#8220; url_new_window=&#8220;on&#8220; _builder_version=&#8220;4.13.0&#8243; _module_preset=&#8220;default&#8220; global_colors_info=&#8220;{}&#8220; theme_builder_area=&#8220;post_content&#8220;][\/et_pb_image][et_pb_image src=&#8220;https:\/\/jamonesibericoseu.eu\/wp-content\/uploads\/2022\/01\/mario_02.png&#8220; title_text=&#8220;mario_02&#8243; url=&#8220;https:\/\/www.instagram.com\/p\/CUw2w_MIkbj\/?utm_medium=copy_link&#8220; url_new_window=&#8220;on&#8220; _builder_version=&#8220;4.13.0&#8243; _module_preset=&#8220;default&#8220; global_colors_info=&#8220;{}&#8220; theme_builder_area=&#8220;post_content&#8220;][\/et_pb_image][\/et_pb_column][et_pb_column type=&#8220;1_4&#8243; _builder_version=&#8220;4.13.0&#8243; _module_preset=&#8220;default&#8220; global_colors_info=&#8220;{}&#8220; theme_builder_area=&#8220;post_content&#8220;][et_pb_image src=&#8220;https:\/\/jamonesibericoseu.eu\/wp-content\/uploads\/2022\/01\/gaytan_01A.png&#8220; title_text=&#8220;gaytan_01A&#8220; url=&#8220;https:\/\/www.instagram.com\/p\/CWEre1Wv0mb\/?utm_medium=copy_link&#8220; url_new_window=&#8220;on&#8220; _builder_version=&#8220;4.13.0&#8243; _module_preset=&#8220;default&#8220; global_colors_info=&#8220;{}&#8220; theme_builder_area=&#8220;post_content&#8220;][\/et_pb_image][et_pb_image src=&#8220;https:\/\/jamonesibericoseu.eu\/wp-content\/uploads\/2022\/01\/gaytan_03.png&#8220; title_text=&#8220;gaytan_03&#8243; url=&#8220;https:\/\/www.instagram.com\/tv\/CXmENRFjle4\/?utm_medium=copy_link&#8220; url_new_window=&#8220;on&#8220; _builder_version=&#8220;4.13.0&#8243; _module_preset=&#8220;default&#8220; global_colors_info=&#8220;{}&#8220; theme_builder_area=&#8220;post_content&#8220;][\/et_pb_image][\/et_pb_column][et_pb_column type=&#8220;1_4&#8243; _builder_version=&#8220;4.13.0&#8243; _module_preset=&#8220;default&#8220; global_colors_info=&#8220;{}&#8220; theme_builder_area=&#8220;post_content&#8220;][et_pb_image src=&#8220;https:\/\/jamonesibericoseu.eu\/wp-content\/uploads\/2022\/01\/mario_01.png&#8220; title_text=&#8220;mario_01&#8243; url=&#8220;https:\/\/www.instagram.com\/p\/CW0bR2doXI7\/?utm_medium=copy_link&#8220; url_new_window=&#8220;on&#8220; _builder_version=&#8220;4.13.0&#8243; _module_preset=&#8220;default&#8220; global_colors_info=&#8220;{}&#8220; theme_builder_area=&#8220;post_content&#8220;][\/et_pb_image][\/et_pb_column][\/et_pb_row][\/et_pb_section]<\/p>\n","protected":false},"excerpt":{"rendered":"<p>HOLA, HELLO, SALUT, HALLO, N\u01cf H\u01cdO YA\u2026 Der Jam\u00f3n Ib\u00e9rico aus Spanien ist eines der internationalsten Produkte der europ\u00e4ischen Kultur und Gastronomie. Deshalb wollen wir der Welt zeigen, wie man ihn WIRKLICH genie\u00dfen kann. Und das werden wir dir auf Spanisch, Deutsch, Franz\u00f6sisch&#8230; und sogar Chinesisch erkl\u00e4ren! Trete unserer Gemeinschaft bei und sage der Welt:\u00a0 Erwecke deinen Ib\u00e9rico-Sinn!<a class=\"vp-a vp-dr\" href=\"https:\/\/youtu.be\/jaYUbPrZMQo\" rel=\"nofollow\" data-width=\"1920\" data-height=\"1080\" data-dwrap=\"1\" data-controls=\"1\" data-iv=\"1\"><img decoding=\"async\" class=\"vp-img\" src=\"https:\/\/jamonesibericoseu.eu\/wp-content\/uploads\/2021\/10\/Video-hola.jpg\"><\/a><\/p>\n","protected":false},"author":1,"featured_media":0,"parent":0,"menu_order":0,"comment_status":"closed","ping_status":"closed","template":"","meta":{"_et_pb_use_builder":"on","_et_pb_old_content":"","_et_gb_content_width":"","footnotes":""},"class_list":["post-2020","page","type-page","status-publish","hentry"],"_links":{"self":[{"href":"https:\/\/jamonesibericoseu.eu\/de\/wp-json\/wp\/v2\/pages\/2020","targetHints":{"allow":["GET"]}}],"collection":[{"href":"https:\/\/jamonesibericoseu.eu\/de\/wp-json\/wp\/v2\/pages"}],"about":[{"href":"https:\/\/jamonesibericoseu.eu\/de\/wp-json\/wp\/v2\/types\/page"}],"author":[{"embeddable":true,"href":"https:\/\/jamonesibericoseu.eu\/de\/wp-json\/wp\/v2\/users\/1"}],"replies":[{"embeddable":true,"href":"https:\/\/jamonesibericoseu.eu\/de\/wp-json\/wp\/v2\/comments?post=2020"}],"version-history":[{"count":8,"href":"https:\/\/jamonesibericoseu.eu\/de\/wp-json\/wp\/v2\/pages\/2020\/revisions"}],"predecessor-version":[{"id":4388,"href":"https:\/\/jamonesibericoseu.eu\/de\/wp-json\/wp\/v2\/pages\/2020\/revisions\/4388"}],"wp:attachment":[{"href":"https:\/\/jamonesibericoseu.eu\/de\/wp-json\/wp\/v2\/media?parent=2020"}],"curies":[{"name":"wp","href":"https:\/\/api.w.org\/{rel}","templated":true}]}}