{"id":2013,"date":"2021-09-30T14:56:36","date_gmt":"2021-09-30T14:56:36","guid":{"rendered":"https:\/\/jamonesibericoseu.eu\/mario-sandoval\/"},"modified":"2021-11-05T18:53:41","modified_gmt":"2021-11-05T18:53:41","slug":"mario-sandoval","status":"publish","type":"page","link":"https:\/\/jamonesibericoseu.eu\/de\/mario-sandoval\/","title":{"rendered":"Mario Sandoval"},"content":{"rendered":"<p>[et_pb_section fb_built=&#8220;1&#8243; _builder_version=&#8220;4.10.8&#8243; _module_preset=&#8220;default&#8220; global_colors_info=&#8220;{}&#8220;][et_pb_row column_structure=&#8220;1_2,1_2&#8243; _builder_version=&#8220;4.10.8&#8243; _module_preset=&#8220;default&#8220; global_colors_info=&#8220;{}&#8220;][et_pb_column type=&#8220;1_2&#8243; _builder_version=&#8220;4.10.8&#8243; _module_preset=&#8220;default&#8220; global_colors_info=&#8220;{}&#8220;][et_pb_image src=&#8220;https:\/\/jamonesibericoseu.eu\/wp-content\/uploads\/2021\/09\/cv_sandoval.jpg&#8220; title_text=&#8220;cv_sandoval&#8220; _builder_version=&#8220;4.10.8&#8243; _module_preset=&#8220;default&#8220; global_colors_info=&#8220;{}&#8220;][\/et_pb_image][et_pb_text _builder_version=&#8220;4.10.8&#8243; _module_preset=&#8220;default&#8220; text_font_size=&#8220;16px&#8220; global_colors_info=&#8220;{}&#8220;]<\/p>\n<blockquote><p><em><strong>\u201eEr ist der perfekte Bissen mit einer mystischen Seite, denn der Jam\u00f3n Ib\u00e9rico hat verschiedene Nuancen, die unterschiedliche Geschm\u00e4cker hervorbringen. Es ist das spanische Produkt! F\u00fcr einige der speziellsten Gerichte auf unserer Speisekarte verwenden wir Jam\u00f3n Ib\u00e9rico und manchmal sogar einen Teil davon, um den Geschmack der Gerichte zu verst\u00e4rken, wie im Fall unseres Gem\u00fcsegerichts, bei dem wir eine Bordolese verwenden, die wir durch das wei\u00dfe und wohltuende Fett des Schinkens wie Butter extrahieren und so einen exquisiten Geschmack erzielen.&#8220;<\/strong><\/em><\/p><\/blockquote>\n<p>[\/et_pb_text][\/et_pb_column][et_pb_column type=&#8220;1_2&#8243; _builder_version=&#8220;4.10.8&#8243; _module_preset=&#8220;default&#8220; global_colors_info=&#8220;{}&#8220;][et_pb_text _builder_version=&#8220;4.10.8&#8243; _module_preset=&#8220;default&#8220; text_font_size=&#8220;16px&#8220; header_font=&#8220;|700|||||||&#8220; header_text_color=&#8220;#a31c27&#8243; global_colors_info=&#8220;{}&#8220;]<\/p>\n<h1><strong>MARIO SANDOVAL<\/strong><\/h1>\n<p><strong>Spanischer Chefkoch mit 2 Michelin-Sternen und Weltbotschafter f\u00fcr Jamones Ib\u00e9ricos<\/strong><\/p>\n<p>Chefkoch Mario Sandoval leitet das kulinarische Team des Restaurante Coque, das mit 2 Michelin-Sternen, 3 M-Auszeichnungen im Metr\u00f3poli Guide und 3 Soles im Repsol Guide ausgezeichnet wurde.<\/p>\n<p>Neben seiner Arbeit an der Spitze des Restaurants Coque \u00fcbt er eine umfangreiche Gesch\u00e4fts- und Forschungst\u00e4tigkeit aus, die die Koordinierung von ganzheitlichen Catering-Diensten in seinen eigenen R\u00e4umlichkeiten und die Beratung von Unternehmen und Restaurants in Sachen Catering und Gastronomie umfasst. Er ist verantwortlich f\u00fcr das gastronomische Angebot des Hotels Orfila in Madrid, dem einzigen Relais&amp;Chateaux in der Hauptstadt.<\/p>\n<p>Er beteiligt sich auch an der Entwicklung gesunder Restaurants und erforscht neue gastronomische Register, Techniken und Technologien, die ihn an die Spitze der spanischen K\u00fcche stellen.<\/p>\n<p>All dies hat ihm zu Auszeichnungen wie dem Nationalen Gastronomiepreis f\u00fcr den besten Koch 2013, dem \u201eKoch des Jahres 2017&#8220; bei den Gastro&amp;C\u00eda Awards von La Raz\u00f3n, dem \u201eBest Digital Chef 2019&#8220; von HIP und dem \u201eGlobal Ambassador of Gastronomy&#8220; beim New York Summit 2019 verholfen, sowie zur Ernennung zum \u201eWeltbotschafter f\u00fcr Jamones Ib\u00e9ricos&#8220; von Spanien.[\/et_pb_text][\/et_pb_column][\/et_pb_row][et_pb_row _builder_version=&#8220;4.10.8&#8243; _module_preset=&#8220;default&#8220; global_colors_info=&#8220;{}&#8220;][et_pb_column type=&#8220;4_4&#8243; _builder_version=&#8220;4.10.8&#8243; _module_preset=&#8220;default&#8220; global_colors_info=&#8220;{}&#8220;][\/et_pb_column][\/et_pb_row][\/et_pb_section]<\/p>\n","protected":false},"excerpt":{"rendered":"<p>\u201eEr ist der perfekte Bissen mit einer mystischen Seite, denn der Jam\u00f3n Ib\u00e9rico hat verschiedene Nuancen, die unterschiedliche Geschm\u00e4cker hervorbringen. Es ist das spanische Produkt! F\u00fcr einige der speziellsten Gerichte auf unserer Speisekarte verwenden wir Jam\u00f3n Ib\u00e9rico und manchmal sogar einen Teil davon, um den Geschmack der Gerichte zu verst\u00e4rken, wie im Fall unseres Gem\u00fcsegerichts, bei dem wir eine Bordolese verwenden, die wir durch das wei\u00dfe und wohltuende Fett des Schinkens wie Butter extrahieren und so einen exquisiten Geschmack erzielen.&#8220;MARIO SANDOVAL Spanischer Chefkoch mit 2 Michelin-Sternen und Weltbotschafter f\u00fcr Jamones Ib\u00e9ricos Chefkoch Mario Sandoval leitet das kulinarische Team des Restaurante Coque, das mit 2 Michelin-Sternen, 3 M-Auszeichnungen im Metr\u00f3poli Guide und 3 Soles im Repsol Guide ausgezeichnet wurde. Neben seiner Arbeit an der Spitze des Restaurants Coque \u00fcbt er eine umfangreiche Gesch\u00e4fts- und Forschungst\u00e4tigkeit aus, die die Koordinierung von ganzheitlichen Catering-Diensten in seinen eigenen R\u00e4umlichkeiten und die Beratung von Unternehmen und Restaurants in Sachen Catering und Gastronomie umfasst. Er ist verantwortlich f\u00fcr das gastronomische Angebot des Hotels Orfila in Madrid, dem einzigen Relais&amp;Chateaux in der Hauptstadt. Er beteiligt sich auch an der Entwicklung gesunder Restaurants und erforscht neue gastronomische Register, Techniken und Technologien, die ihn an die Spitze der spanischen [&hellip;]<\/p>\n","protected":false},"author":1,"featured_media":0,"parent":0,"menu_order":0,"comment_status":"closed","ping_status":"closed","template":"","meta":{"_et_pb_use_builder":"on","_et_pb_old_content":"","_et_gb_content_width":"","footnotes":""},"class_list":["post-2013","page","type-page","status-publish","hentry"],"_links":{"self":[{"href":"https:\/\/jamonesibericoseu.eu\/de\/wp-json\/wp\/v2\/pages\/2013","targetHints":{"allow":["GET"]}}],"collection":[{"href":"https:\/\/jamonesibericoseu.eu\/de\/wp-json\/wp\/v2\/pages"}],"about":[{"href":"https:\/\/jamonesibericoseu.eu\/de\/wp-json\/wp\/v2\/types\/page"}],"author":[{"embeddable":true,"href":"https:\/\/jamonesibericoseu.eu\/de\/wp-json\/wp\/v2\/users\/1"}],"replies":[{"embeddable":true,"href":"https:\/\/jamonesibericoseu.eu\/de\/wp-json\/wp\/v2\/comments?post=2013"}],"version-history":[{"count":8,"href":"https:\/\/jamonesibericoseu.eu\/de\/wp-json\/wp\/v2\/pages\/2013\/revisions"}],"predecessor-version":[{"id":3516,"href":"https:\/\/jamonesibericoseu.eu\/de\/wp-json\/wp\/v2\/pages\/2013\/revisions\/3516"}],"wp:attachment":[{"href":"https:\/\/jamonesibericoseu.eu\/de\/wp-json\/wp\/v2\/media?parent=2013"}],"curies":[{"name":"wp","href":"https:\/\/api.w.org\/{rel}","templated":true}]}}