{"id":2010,"date":"2021-09-30T15:02:18","date_gmt":"2021-09-30T15:02:18","guid":{"rendered":"https:\/\/jamonesibericoseu.eu\/christian-sturn-willms\/"},"modified":"2021-11-05T18:53:26","modified_gmt":"2021-11-05T18:53:26","slug":"christian-sturn-willms","status":"publish","type":"page","link":"https:\/\/jamonesibericoseu.eu\/de\/christian-sturn-willms\/","title":{"rendered":"Christian Sturn-Willms"},"content":{"rendered":"<p>[et_pb_section fb_built=&#8220;1&#8243; _builder_version=&#8220;4.10.8&#8243; _module_preset=&#8220;default&#8220; global_colors_info=&#8220;{}&#8220;][et_pb_row column_structure=&#8220;1_2,1_2&#8243; _builder_version=&#8220;4.10.8&#8243; _module_preset=&#8220;default&#8220; global_colors_info=&#8220;{}&#8220;][et_pb_column type=&#8220;1_2&#8243; _builder_version=&#8220;4.10.8&#8243; _module_preset=&#8220;default&#8220; global_colors_info=&#8220;{}&#8220;][et_pb_image src=&#8220;https:\/\/jamonesibericoseu.eu\/wp-content\/uploads\/2021\/09\/cv_christian.jpg&#8220; title_text=&#8220;cv_christian&#8220; _builder_version=&#8220;4.10.8&#8243; _module_preset=&#8220;default&#8220; global_colors_info=&#8220;{}&#8220;][\/et_pb_image][et_pb_text _builder_version=&#8220;4.10.8&#8243; _module_preset=&#8220;default&#8220; text_font_size=&#8220;16px&#8220; global_colors_info=&#8220;{}&#8220;]<\/p>\n<blockquote><p><em><strong>\u201eF\u00fcr mich steht die Qualit\u00e4t der Produkte an erster Stelle, und es macht Spa\u00df, mit Jam\u00f3n Ib\u00e9rico zu arbeiten, weil ich mich auf die Exzellenz des Produkts verlassen kann. Ein Juwel der spanischen Gastronomie, das ich in meiner K\u00fcche auf vielf\u00e4ltige Weise verwenden kann und das jedem Gericht eine besondere Note verleiht.&#8220;<\/strong><\/em><\/p><\/blockquote>\n<p>[\/et_pb_text][\/et_pb_column][et_pb_column type=&#8220;1_2&#8243; _builder_version=&#8220;4.10.8&#8243; _module_preset=&#8220;default&#8220; global_colors_info=&#8220;{}&#8220;][et_pb_text _builder_version=&#8220;4.10.8&#8243; _module_preset=&#8220;default&#8220; text_font_size=&#8220;16px&#8220; header_font=&#8220;|700|||||||&#8220; header_text_color=&#8220;#a31c27&#8243; global_colors_info=&#8220;{}&#8220;]<\/p>\n<h1>CHRISTIAN STURN-WILLMS<\/h1>\n<p><strong>Deutscher Chefkoch mit 1 Michelin-Stern<\/strong><\/p>\n<p>Christian Sturn Willms ist der Botschafter der neuen eurasischen Fusionsk\u00fcche und wurde 2013 zum Sieger des Wettbewerbs \u201eKoch des Jahres&#8220; gek\u00fcrt.<\/p>\n<p>Er ist Chefkoch des Restaurants Yunico* im Kameha Grand Bonn, wo er japanische Elemente mit denen der modernen mediterranen K\u00fcche verbindet.<\/p>\n<p>Die ausgewogene Kombination verschiedener Geschmacksrichtungen macht seine Gerichte zu einem Geschmackserlebnis. Der Kritiker Gault Millau beschreibt Christian Sturn Willms&#8216; Gerichte als japanische Tuschezeichnungen, die \u201emit geschickten Pinselstrichen ganze Landschaften schaffen&#8220;.<\/p>\n<p>\u201eChristian Sturn Willms wird im Yunico* eine echte Gourmetk\u00fcche f\u00fcr Gaumen und Augen bieten, eine japanisch-mediterrane Fusion.&#8220;<\/p>\n<p>\u2013 Atlas gourmet \u2013[\/et_pb_text][\/et_pb_column][\/et_pb_row][et_pb_row _builder_version=&#8220;4.10.8&#8243; _module_preset=&#8220;default&#8220; global_colors_info=&#8220;{}&#8220;][et_pb_column type=&#8220;4_4&#8243; _builder_version=&#8220;4.10.8&#8243; _module_preset=&#8220;default&#8220; global_colors_info=&#8220;{}&#8220;][\/et_pb_column][\/et_pb_row][\/et_pb_section]<\/p>\n","protected":false},"excerpt":{"rendered":"<p>\u201eF\u00fcr mich steht die Qualit\u00e4t der Produkte an erster Stelle, und es macht Spa\u00df, mit Jam\u00f3n Ib\u00e9rico zu arbeiten, weil ich mich auf die Exzellenz des Produkts verlassen kann. Ein Juwel der spanischen Gastronomie, das ich in meiner K\u00fcche auf vielf\u00e4ltige Weise verwenden kann und das jedem Gericht eine besondere Note verleiht.&#8220;CHRISTIAN STURN-WILLMS Deutscher Chefkoch mit 1 Michelin-Stern Christian Sturn Willms ist der Botschafter der neuen eurasischen Fusionsk\u00fcche und wurde 2013 zum Sieger des Wettbewerbs \u201eKoch des Jahres&#8220; gek\u00fcrt. Er ist Chefkoch des Restaurants Yunico* im Kameha Grand Bonn, wo er japanische Elemente mit denen der modernen mediterranen K\u00fcche verbindet. Die ausgewogene Kombination verschiedener Geschmacksrichtungen macht seine Gerichte zu einem Geschmackserlebnis. Der Kritiker Gault Millau beschreibt Christian Sturn Willms&#8216; Gerichte als japanische Tuschezeichnungen, die \u201emit geschickten Pinselstrichen ganze Landschaften schaffen&#8220;. \u201eChristian Sturn Willms wird im Yunico* eine echte Gourmetk\u00fcche f\u00fcr Gaumen und Augen bieten, eine japanisch-mediterrane Fusion.&#8220; \u2013 Atlas gourmet \u2013<\/p>\n","protected":false},"author":1,"featured_media":0,"parent":0,"menu_order":0,"comment_status":"closed","ping_status":"closed","template":"","meta":{"_et_pb_use_builder":"on","_et_pb_old_content":"","_et_gb_content_width":"","footnotes":""},"class_list":["post-2010","page","type-page","status-publish","hentry"],"_links":{"self":[{"href":"https:\/\/jamonesibericoseu.eu\/de\/wp-json\/wp\/v2\/pages\/2010","targetHints":{"allow":["GET"]}}],"collection":[{"href":"https:\/\/jamonesibericoseu.eu\/de\/wp-json\/wp\/v2\/pages"}],"about":[{"href":"https:\/\/jamonesibericoseu.eu\/de\/wp-json\/wp\/v2\/types\/page"}],"author":[{"embeddable":true,"href":"https:\/\/jamonesibericoseu.eu\/de\/wp-json\/wp\/v2\/users\/1"}],"replies":[{"embeddable":true,"href":"https:\/\/jamonesibericoseu.eu\/de\/wp-json\/wp\/v2\/comments?post=2010"}],"version-history":[{"count":5,"href":"https:\/\/jamonesibericoseu.eu\/de\/wp-json\/wp\/v2\/pages\/2010\/revisions"}],"predecessor-version":[{"id":3514,"href":"https:\/\/jamonesibericoseu.eu\/de\/wp-json\/wp\/v2\/pages\/2010\/revisions\/3514"}],"wp:attachment":[{"href":"https:\/\/jamonesibericoseu.eu\/de\/wp-json\/wp\/v2\/media?parent=2010"}],"curies":[{"name":"wp","href":"https:\/\/api.w.org\/{rel}","templated":true}]}}