{"id":1990,"date":"2021-09-30T15:27:08","date_gmt":"2021-09-30T15:27:08","guid":{"rendered":"https:\/\/jamonesibericoseu.eu\/vicky-cheng\/"},"modified":"2021-11-05T18:53:46","modified_gmt":"2021-11-05T18:53:46","slug":"vicky-cheng","status":"publish","type":"page","link":"https:\/\/jamonesibericoseu.eu\/de\/vicky-cheng\/","title":{"rendered":"Vicky Cheng"},"content":{"rendered":"<p>[et_pb_section fb_built=&#8220;1&#8243; _builder_version=&#8220;4.10.8&#8243; _module_preset=&#8220;default&#8220; global_colors_info=&#8220;{}&#8220;][et_pb_row column_structure=&#8220;1_2,1_2&#8243; _builder_version=&#8220;4.10.8&#8243; _module_preset=&#8220;default&#8220; global_colors_info=&#8220;{}&#8220;][et_pb_column type=&#8220;1_2&#8243; _builder_version=&#8220;4.10.8&#8243; _module_preset=&#8220;default&#8220; global_colors_info=&#8220;{}&#8220;][et_pb_image src=&#8220;https:\/\/jamonesibericoseu.eu\/wp-content\/uploads\/2021\/09\/cv_cheng.jpg&#8220; title_text=&#8220;cv_cheng&#8220; _builder_version=&#8220;4.10.8&#8243; _module_preset=&#8220;default&#8220; global_colors_info=&#8220;{}&#8220;][\/et_pb_image][et_pb_text _builder_version=&#8220;4.10.8&#8243; _module_preset=&#8220;default&#8220; text_font_size=&#8220;16px&#8220; global_colors_info=&#8220;{}&#8220;]<\/p>\n<blockquote><p><em><strong>,,Essen ist eine universelle Sprache. Im VEA m\u00f6chte ich nicht nur die von mir erlernten Kochtechniken weitergeben, sondern auch die Kultur, in der ich aufgewachsen bin, widerspiegeln.&#8220;<\/strong><\/em><\/p><\/blockquote>\n<p>[\/et_pb_text][\/et_pb_column][et_pb_column type=&#8220;1_2&#8243; _builder_version=&#8220;4.10.8&#8243; _module_preset=&#8220;default&#8220; global_colors_info=&#8220;{}&#8220;][et_pb_text _builder_version=&#8220;4.10.8&#8243; _module_preset=&#8220;default&#8220; text_font_size=&#8220;16px&#8220; header_font=&#8220;|700|||||||&#8220; header_text_color=&#8220;#a31c27&#8243; global_colors_info=&#8220;{}&#8220;]<\/p>\n<h1>VICKY CHENG<\/h1>\n<p><strong>Chinesischer Chefkoch mit 1 Michelin-Stern<\/strong><\/p>\n<p>Vicky Cheng hat in den K\u00fcchen einiger der renommiertesten und angesehensten franz\u00f6sischen K\u00f6che wie Daniel Boulud gearbeitet.<\/p>\n<p>Nach einer dreij\u00e4hrigen Ausbildung in ausl\u00e4ndischen K\u00fcchen kehrte er nach Hongkong zur\u00fcck, wo er seinen kulinarischen Stil entwickelte: die chinesische K\u00fcche der franz\u00f6sischen Schule.<\/p>\n<p>Heute pr\u00e4sentiert er diese in Asien verwurzelte, westlich gepr\u00e4gte K\u00fcche im VEA Restaurant and Lounge, das ihm einen Michelin-Stern einbrachte.<\/p>\n<p>Es zeichnet sich durch die Verwendung der traditionellen chinesischen und kantonesischen K\u00fcche mit der \u00c4sthetik und Harmonie der franz\u00f6sischen K\u00fcche aus.<\/p>\n<p>F\u00fcr Cheng hat Essen eine universelle Sprache, und deshalb verbindet er all diese Kochtechniken und Zutaten aus verschiedenen Kulturen miteinander.<\/p>\n<p>Eine Philosophie, die sich in der Speisekarte des VEA Restaurant and Lounge widerspiegelt, die die Pr\u00e4zision und Raffinesse der franz\u00f6sischen K\u00fcche mit der Verwendung frischer, lokaler und saisonaler Produkte verbindet.[\/et_pb_text][\/et_pb_column][\/et_pb_row][et_pb_row _builder_version=&#8220;4.10.8&#8243; _module_preset=&#8220;default&#8220; global_colors_info=&#8220;{}&#8220;][et_pb_column type=&#8220;4_4&#8243; _builder_version=&#8220;4.10.8&#8243; _module_preset=&#8220;default&#8220; global_colors_info=&#8220;{}&#8220;][\/et_pb_column][\/et_pb_row][\/et_pb_section]<\/p>\n","protected":false},"excerpt":{"rendered":"<p>,,Essen ist eine universelle Sprache. Im VEA m\u00f6chte ich nicht nur die von mir erlernten Kochtechniken weitergeben, sondern auch die Kultur, in der ich aufgewachsen bin, widerspiegeln.&#8220;VICKY CHENG Chinesischer Chefkoch mit 1 Michelin-Stern Vicky Cheng hat in den K\u00fcchen einiger der renommiertesten und angesehensten franz\u00f6sischen K\u00f6che wie Daniel Boulud gearbeitet. Nach einer dreij\u00e4hrigen Ausbildung in ausl\u00e4ndischen K\u00fcchen kehrte er nach Hongkong zur\u00fcck, wo er seinen kulinarischen Stil entwickelte: die chinesische K\u00fcche der franz\u00f6sischen Schule. Heute pr\u00e4sentiert er diese in Asien verwurzelte, westlich gepr\u00e4gte K\u00fcche im VEA Restaurant and Lounge, das ihm einen Michelin-Stern einbrachte. Es zeichnet sich durch die Verwendung der traditionellen chinesischen und kantonesischen K\u00fcche mit der \u00c4sthetik und Harmonie der franz\u00f6sischen K\u00fcche aus. F\u00fcr Cheng hat Essen eine universelle Sprache, und deshalb verbindet er all diese Kochtechniken und Zutaten aus verschiedenen Kulturen miteinander. Eine Philosophie, die sich in der Speisekarte des VEA Restaurant and Lounge widerspiegelt, die die Pr\u00e4zision und Raffinesse der franz\u00f6sischen K\u00fcche mit der Verwendung frischer, lokaler und saisonaler Produkte verbindet.<\/p>\n","protected":false},"author":1,"featured_media":0,"parent":0,"menu_order":0,"comment_status":"closed","ping_status":"closed","template":"","meta":{"_et_pb_use_builder":"on","_et_pb_old_content":"","_et_gb_content_width":"","footnotes":""},"class_list":["post-1990","page","type-page","status-publish","hentry"],"_links":{"self":[{"href":"https:\/\/jamonesibericoseu.eu\/de\/wp-json\/wp\/v2\/pages\/1990","targetHints":{"allow":["GET"]}}],"collection":[{"href":"https:\/\/jamonesibericoseu.eu\/de\/wp-json\/wp\/v2\/pages"}],"about":[{"href":"https:\/\/jamonesibericoseu.eu\/de\/wp-json\/wp\/v2\/types\/page"}],"author":[{"embeddable":true,"href":"https:\/\/jamonesibericoseu.eu\/de\/wp-json\/wp\/v2\/users\/1"}],"replies":[{"embeddable":true,"href":"https:\/\/jamonesibericoseu.eu\/de\/wp-json\/wp\/v2\/comments?post=1990"}],"version-history":[{"count":5,"href":"https:\/\/jamonesibericoseu.eu\/de\/wp-json\/wp\/v2\/pages\/1990\/revisions"}],"predecessor-version":[{"id":3517,"href":"https:\/\/jamonesibericoseu.eu\/de\/wp-json\/wp\/v2\/pages\/1990\/revisions\/3517"}],"wp:attachment":[{"href":"https:\/\/jamonesibericoseu.eu\/de\/wp-json\/wp\/v2\/media?parent=1990"}],"curies":[{"name":"wp","href":"https:\/\/api.w.org\/{rel}","templated":true}]}}