{"id":1956,"date":"2021-10-29T15:41:48","date_gmt":"2021-10-29T15:41:48","guid":{"rendered":"https:\/\/jamonesibericoseu.eu\/denominaciones-origen-protegidas\/"},"modified":"2022-02-22T10:23:21","modified_gmt":"2022-02-22T10:23:21","slug":"geschuetzte-ursprungsbezeichnungen","status":"publish","type":"page","link":"https:\/\/jamonesibericoseu.eu\/de\/herkunft\/geschuetzte-ursprungsbezeichnungen\/","title":{"rendered":"Gesch\u00fctzte Ursprungsbezeichnungen"},"content":{"rendered":"<p>[et_pb_section fb_built=&#8220;1&#8243; _builder_version=&#8220;4.10.8&#8243; _module_preset=&#8220;default&#8220; global_colors_info=&#8220;{}&#8220;][et_pb_row column_structure=&#8220;1_2,1_2&#8243; _builder_version=&#8220;4.10.8&#8243; _module_preset=&#8220;default&#8220; global_colors_info=&#8220;{}&#8220;][et_pb_column type=&#8220;1_2&#8243; _builder_version=&#8220;4.10.8&#8243; _module_preset=&#8220;default&#8220; global_colors_info=&#8220;{}&#8220;][et_pb_image src=&#8220;https:\/\/jamonesibericoseu.eu\/wp-content\/uploads\/2021\/10\/Mapa2-scaled.jpg&#8220; title_text=&#8220;Gesch\u00fctzte Ursprungsbezeichnungen&#8220; show_in_lightbox=&#8220;on&#8220; _builder_version=&#8220;4.10.8&#8243; _module_preset=&#8220;default&#8220; global_colors_info=&#8220;{}&#8220;][\/et_pb_image][\/et_pb_column][et_pb_column type=&#8220;1_2&#8243; _builder_version=&#8220;4.10.8&#8243; _module_preset=&#8220;default&#8220; global_colors_info=&#8220;{}&#8220;][et_pb_text _builder_version=&#8220;4.13.0&#8243; _module_preset=&#8220;default&#8220; text_font_size=&#8220;16px&#8220; header_font=&#8220;|700||on|||||&#8220; header_text_color=&#8220;#a31c27&#8243; header_2_font=&#8220;|700||on|||||&#8220; z_index=&#8220;500&#8243; hover_enabled=&#8220;0&#8243; global_colors_info=&#8220;{}&#8220; sticky_enabled=&#8220;0&#8243;]<\/p>\n<h1>Gesch\u00fctzte Ursprungsbezeichnungen (g.U.)<\/h1>\n<p>Die gesch\u00fctzte Ursprungsbezeichnung (g.U.) ist eine differenzierte Qualit\u00e4tsangabe, die in den Verordnungen der Europ\u00e4ischen Union (VERORDNUNG (EU) Nr. 1151\/2012 des Europ\u00e4ischen Parlaments und des Rates vom 21. November 2012 \u00fcber Qualit\u00e4tsregelungen f\u00fcr Agrarerzeugnisse und Lebensmittel geregelt ist und die die Einhaltung von zus\u00e4tzlichen Qualit\u00e4tsanforderungen garantiert, die \u00fcber die f\u00fcr die \u00fcbrigen Erzeugnisse geltenden Anforderungen hinausgehen und deren Qualit\u00e4t oder Eigenschaften auf das geografische Umfeld mit seinen nat\u00fcrlichen und menschlichen Faktoren zur\u00fcckzuf\u00fchren sind und deren Erzeugung, Verarbeitung und Zubereitung stets in dem abgegrenzten geografischen Gebiet erfolgt, von dem sie ihren Namen erhalten.<\/p>\n<p>[\/et_pb_text][et_pb_image src=&#8220;https:\/\/jamonesibericoseu.eu\/wp-content\/uploads\/2021\/10\/dops-1.jpg&#8220; title_text=&#8220;g.U.&#8220; show_in_lightbox=&#8220;on&#8220; _builder_version=&#8220;4.10.8&#8243; _module_preset=&#8220;default&#8220; global_colors_info=&#8220;{}&#8220;][\/et_pb_image][\/et_pb_column][\/et_pb_row][et_pb_row column_structure=&#8220;1_2,1_2&#8243; _builder_version=&#8220;4.10.8&#8243; _module_preset=&#8220;default&#8220; global_colors_info=&#8220;{}&#8220;][et_pb_column type=&#8220;1_2&#8243; _builder_version=&#8220;4.10.8&#8243; _module_preset=&#8220;default&#8220; global_colors_info=&#8220;{}&#8220;][et_pb_text _builder_version=&#8220;4.13.0&#8243; _module_preset=&#8220;default&#8220; text_font_size=&#8220;16px&#8220; header_font=&#8220;|700||on|||||&#8220; header_text_color=&#8220;#a31c27&#8243; header_2_font=&#8220;|700||on|||||&#8220; header_2_text_color=&#8220;#a31c27&#8243; header_2_font_size=&#8220;30px&#8220; background_color=&#8220;RGBA(0,0,0,0)&#8220; z_index=&#8220;500&#8243; sticky_limit_bottom=&#8220;body&#8220; hover_enabled=&#8220;0&#8243; global_colors_info=&#8220;{}&#8220; sticky_enabled=&#8220;0&#8243;]<\/p>\n<p>Dabei handelt es sich um freiwillige Regelungen, an die sich Viehz\u00fcchter und Verarbeiter aus eigenen St\u00fccken halten. Produkte, die diese Anforderungen erf\u00fcllen, werden in ein EU-Register eingetragen und durch geistige Eigentumsrechte gesch\u00fctzt. Um die Unterscheidung zu erleichtern, schreibt die Verordnung vor, dass alle landwirtschaftlichen Erzeugnisse, die unter eine g. U. fallen, mit diesem Logo gekennzeichnet werden m\u00fcssen.<\/p>\n<p>[\/et_pb_text][\/et_pb_column][et_pb_column type=&#8220;1_2&#8243; _builder_version=&#8220;4.10.8&#8243; _module_preset=&#8220;default&#8220; global_colors_info=&#8220;{}&#8220;][et_pb_image src=&#8220;https:\/\/jamonesibericoseu.eu\/wp-content\/uploads\/2021\/10\/DOP.jpg&#8220; title_text=&#8220;g.U.&#8220; _builder_version=&#8220;4.10.8&#8243; _module_preset=&#8220;default&#8220; width=&#8220;300px&#8220; module_alignment=&#8220;center&#8220; global_colors_info=&#8220;{}&#8220;][\/et_pb_image][\/et_pb_column][\/et_pb_row][et_pb_row _builder_version=&#8220;4.13.0&#8243; _module_preset=&#8220;default&#8220;][et_pb_column _builder_version=&#8220;4.13.0&#8243; _module_preset=&#8220;default&#8220; type=&#8220;4_4&#8243;][et_pb_text _builder_version=&#8220;4.13.0&#8243; _module_preset=&#8220;default&#8220; hover_enabled=&#8220;0&#8243; sticky_enabled=&#8220;0&#8243; text_font_size=&#8220;16px&#8220;]<\/p>\n<p>Innerhalb des Ib\u00e9rico-Sektors gibt es neben dem Jam\u00f3n Ib\u00e9rico mit Qualit\u00e4tsstandard auch andere Jamones Ib\u00e9ricos, die unter eine der 4 bestehenden gesch\u00fctzten Ursprungsbezeichnungen fallen und durch die Verordnungen der Europ\u00e4ischen Union (VERORDNUNG (EU) Nr. 1151\/2012) geregelt sind. Zu den Bestimmungen geh\u00f6ren:<\/p>\n<p>&nbsp;<\/p>\n<ul>\n<li>Es muss eine geografische Bezeichnung enthalten.<\/li>\n<li>Das Produkt muss aus diesem Gebiet stammen.<\/li>\n<li>Die Qualit\u00e4t ergibt sich ausschlie\u00dflich aus der Verbindung mit dem bestimmten geografischen Umfeld, mit den ihm inh\u00e4renten nat\u00fcrlichen und menschlichen Faktoren.<\/li>\n<li>Die Erzeugung, Verarbeitung und Zubereitung erfolgt stets in dem abgegrenzten geografischen Gebiet, dem sie ihren Namen verdanken.<\/li>\n<li>Auf dem Etikett der gesch\u00fctzten Erzeugnisse ist das Siegel f\u00fcr gesch\u00fctzte Ursprungsbezeichnungen in der EU ersichtlich.<\/li>\n<li>Die geografische Bezeichnung ist in der Europ\u00e4ischen Union und in Drittl\u00e4ndern, die Abkommen mit der Europ\u00e4ischen Union unterzeichnet haben, als geistiges Eigentumsrecht gesch\u00fctzt.<\/li>\n<li>Die g. U. wird von einer Vereinigung verwaltet, die die Rolle einer Aufsichtsbeh\u00f6rde innehat und f\u00fcr die Regelung und Vereinheitlichung der Handlungen der an eine Ursprungsbezeichnung gebundenen Marktteilnehmer sowie f\u00fcr die R\u00fcckverfolgbarkeit und die korrekte Identifizierung der von ihr erfassten Erzeugnisse zust\u00e4ndig ist.<\/li>\n<li>Die Einhaltung der Bestimmungen des Pflichtenheftes jeder g. U. wird von den zust\u00e4ndigen Beh\u00f6rden \u00fcberpr\u00fcft und unterliegt einer amtlichen Kontrolle.<\/li>\n<\/ul>\n<p>[\/et_pb_text][\/et_pb_column][\/et_pb_row][\/et_pb_section]<\/p>\n","protected":false},"excerpt":{"rendered":"<p>Gesch\u00fctzte Ursprungsbezeichnungen (g.U.) Die gesch\u00fctzte Ursprungsbezeichnung (g.U.) ist eine differenzierte Qualit\u00e4tsangabe, die in den Verordnungen der Europ\u00e4ischen Union (VERORDNUNG (EU) Nr. 1151\/2012 des Europ\u00e4ischen Parlaments und des Rates vom 21. November 2012 \u00fcber Qualit\u00e4tsregelungen f\u00fcr Agrarerzeugnisse und Lebensmittel geregelt ist und die die Einhaltung von zus\u00e4tzlichen Qualit\u00e4tsanforderungen garantiert, die \u00fcber die f\u00fcr die \u00fcbrigen Erzeugnisse geltenden Anforderungen hinausgehen und deren Qualit\u00e4t oder Eigenschaften auf das geografische Umfeld mit seinen nat\u00fcrlichen und menschlichen Faktoren zur\u00fcckzuf\u00fchren sind und deren Erzeugung, Verarbeitung und Zubereitung stets in dem abgegrenzten geografischen Gebiet erfolgt, von dem sie ihren Namen erhalten.Dabei handelt es sich um freiwillige Regelungen, an die sich Viehz\u00fcchter und Verarbeiter aus eigenen St\u00fccken halten. Produkte, die diese Anforderungen erf\u00fcllen, werden in ein EU-Register eingetragen und durch geistige Eigentumsrechte gesch\u00fctzt. Um die Unterscheidung zu erleichtern, schreibt die Verordnung vor, dass alle landwirtschaftlichen Erzeugnisse, die unter eine g. U. fallen, mit diesem Logo gekennzeichnet werden m\u00fcssen.Innerhalb des Ib\u00e9rico-Sektors gibt es neben dem Jam\u00f3n Ib\u00e9rico mit Qualit\u00e4tsstandard auch andere Jamones Ib\u00e9ricos, die unter eine der 4 bestehenden gesch\u00fctzten Ursprungsbezeichnungen fallen und durch die Verordnungen der Europ\u00e4ischen Union (VERORDNUNG (EU) Nr. 1151\/2012) geregelt sind. Zu den Bestimmungen geh\u00f6ren: &nbsp; Es muss eine geografische Bezeichnung enthalten. Das Produkt muss [&hellip;]<\/p>\n","protected":false},"author":2,"featured_media":0,"parent":5741,"menu_order":1,"comment_status":"closed","ping_status":"closed","template":"","meta":{"_et_pb_use_builder":"on","_et_pb_old_content":"","_et_gb_content_width":"","footnotes":""},"class_list":["post-1956","page","type-page","status-publish","hentry"],"_links":{"self":[{"href":"https:\/\/jamonesibericoseu.eu\/de\/wp-json\/wp\/v2\/pages\/1956","targetHints":{"allow":["GET"]}}],"collection":[{"href":"https:\/\/jamonesibericoseu.eu\/de\/wp-json\/wp\/v2\/pages"}],"about":[{"href":"https:\/\/jamonesibericoseu.eu\/de\/wp-json\/wp\/v2\/types\/page"}],"author":[{"embeddable":true,"href":"https:\/\/jamonesibericoseu.eu\/de\/wp-json\/wp\/v2\/users\/2"}],"replies":[{"embeddable":true,"href":"https:\/\/jamonesibericoseu.eu\/de\/wp-json\/wp\/v2\/comments?post=1956"}],"version-history":[{"count":5,"href":"https:\/\/jamonesibericoseu.eu\/de\/wp-json\/wp\/v2\/pages\/1956\/revisions"}],"predecessor-version":[{"id":4265,"href":"https:\/\/jamonesibericoseu.eu\/de\/wp-json\/wp\/v2\/pages\/1956\/revisions\/4265"}],"up":[{"embeddable":true,"href":"https:\/\/jamonesibericoseu.eu\/de\/wp-json\/wp\/v2\/pages\/5741"}],"wp:attachment":[{"href":"https:\/\/jamonesibericoseu.eu\/de\/wp-json\/wp\/v2\/media?parent=1956"}],"curies":[{"name":"wp","href":"https:\/\/api.w.org\/{rel}","templated":true}]}}