{"id":1929,"date":"2021-10-29T16:30:46","date_gmt":"2021-10-29T16:30:46","guid":{"rendered":"https:\/\/jamonesibericoseu.eu\/el-jamon-iberico\/"},"modified":"2021-11-02T15:48:55","modified_gmt":"2021-11-02T15:48:55","slug":"der-jamon-iberico","status":"publish","type":"page","link":"https:\/\/jamonesibericoseu.eu\/de\/der-jamon-iberico\/","title":{"rendered":"Der Jam\u00f3n Ib\u00e9rico"},"content":{"rendered":"<p>[et_pb_section fb_built=&#8220;1&#8243; _builder_version=&#8220;4.10.8&#8243; _module_preset=&#8220;default&#8220; global_colors_info=&#8220;{}&#8220;][et_pb_row column_structure=&#8220;1_2,1_2&#8243; _builder_version=&#8220;4.10.8&#8243; _module_preset=&#8220;default&#8220; global_colors_info=&#8220;{}&#8220;][et_pb_column type=&#8220;1_2&#8243; _builder_version=&#8220;4.10.8&#8243; _module_preset=&#8220;default&#8220; global_colors_info=&#8220;{}&#8220;][et_pb_image src=&#8220;https:\/\/jamonesibericoseu.eu\/wp-content\/uploads\/2021\/11\/Partes-DE-scaled.jpg&#8220; title_text=&#8220;Partes DE&#8220; show_in_lightbox=&#8220;on&#8220; _builder_version=&#8220;4.10.8&#8243; _module_preset=&#8220;default&#8220; width_last_edited=&#8220;off|desktop&#8220; module_alignment=&#8220;center&#8220; hover_enabled=&#8220;0&#8243; global_colors_info=&#8220;{}&#8220; sticky_enabled=&#8220;0&#8243;][\/et_pb_image][et_pb_text admin_label=&#8220;Video&#8220; _builder_version=&#8220;4.10.8&#8243; _module_preset=&#8220;default&#8220; hover_enabled=&#8220;0&#8243; global_colors_info=&#8220;{}&#8220; sticky_enabled=&#8220;0&#8243;]<\/p>\n<p style=\"text-align: center;\"><a class=\"vp-a vp-dr\" href=\"https:\/\/youtu.be\/U9In-YLlvho\" rel=\"nofollow\" data-width=\"1280\" data-height=\"720\" data-dwrap=\"1\" data-iv=\"1\"><img decoding=\"async\" class=\"vp-img\" src=\"https:\/\/jamonesibericoseu.eu\/wp-content\/uploads\/2021\/11\/01_die_inspiration.jpg\"><\/a><\/p>\n<p>[\/et_pb_text][\/et_pb_column][et_pb_column type=&#8220;1_2&#8243; _builder_version=&#8220;4.10.8&#8243; _module_preset=&#8220;default&#8220; global_colors_info=&#8220;{}&#8220;][et_pb_text _builder_version=&#8220;4.10.8&#8243; _module_preset=&#8220;default&#8220; text_font_size=&#8220;16px&#8220; header_font=&#8220;|700||on|||||&#8220; header_text_color=&#8220;#a31c27&#8243; header_2_font=&#8220;|700||on|||||&#8220; z_index=&#8220;500&#8243; global_colors_info=&#8220;{}&#8220;]<\/p>\n<h1>Teile des Jam\u00f3n Ib\u00e9ricos<\/h1>\n<p><strong>Der Jam\u00f3n Ib\u00e9rico wird in f\u00fcnf verschiedene Teile unterteilt, die jeweils unterschiedliche Geschmacks- und Textureigenschaften aufweisen.<\/strong>[\/et_pb_text][et_pb_text _builder_version=&#8220;4.10.8&#8243; _module_preset=&#8220;default&#8220; text_font_size=&#8220;16px&#8220; header_font=&#8220;|700||on|||||&#8220; header_text_color=&#8220;#a31c27&#8243; header_2_font=&#8220;|700||on|||||&#8220; header_2_text_color=&#8220;#a31c27&#8243; header_2_font_size=&#8220;30px&#8220; background_color=&#8220;RGBA(0,0,0,0)&#8220; z_index=&#8220;500&#8243; sticky_limit_bottom=&#8220;body&#8220; global_colors_info=&#8220;{}&#8220;]<strong>EISBEIN<\/strong><\/p>\n<p>Es ist der schmalste Teil und liegt dem Huf am n\u00e4chsten. <strong>Das Fleisch des Eisbeins ist faseriger <\/strong>und etwas z\u00e4her als der Rest. Mit dem richtigen Schnitt kann man viel daraus machen. Er wird auch h\u00e4ufig zur Herstellung von Br\u00fche verwendet.<\/p>\n<p><strong>HACHSE<\/strong><\/p>\n<p>Das Fleisch zeichnet sich durch einen intensiveren Geschmack aus, ist dunkler, faserig und gep\u00f6kelt. Sehr saftig und schmackhaft, wenn sie in W\u00fcrfel geschnitten werden. <strong>Er befindet sich zwischen der Keule und dem Eisbein.<\/strong><\/p>\n<p><strong>KEULE<\/strong><\/p>\n<p><strong>Sie enth\u00e4lt das meiste Fleisch und ist sehr zart und saftig.<\/strong> Die Marmorierung des eingelagerten Fettes ist in diesem Bereich st\u00e4rker ausgepr\u00e4gt. Dieser Teil des <strong>Jam\u00f3n Ib\u00e9ricos hat den gr\u00f6\u00dften Fleischanteil <\/strong>und zeichnet sich durch seine <strong>hervorragenden sensorischen Eigenschaften<\/strong> aus, die ihn noch schmackhafter machen. Dies ist der beste Ort, um mit dem Schneiden des Schinkens zu beginnen.<\/p>\n<p><strong>KN\u00d6CHEL<\/strong><\/p>\n<p>Dies ist der <strong>am meisten gereifte und magerste Teil des Schinkens.<\/strong> Dies ist die Stelle, an der der Schnitt fortgesetzt wird, nachdem die Keule verbraucht worden ist. Das Fleisch der \u201eGegenkeule%22 zeichnet sich dadurch aus, dass es st\u00e4rker gep\u00f6kelt ist und <strong>einen intensiveren Geschmack <\/strong>hat.<\/p>\n<p><strong>H\u00dcFTKNOCHEN<\/strong><\/p>\n<p>Es ist der Teil des St\u00fccks, der <strong>am meisten Geschmack und Saftigkeit<\/strong> aufweist.[\/et_pb_text][\/et_pb_column][\/et_pb_row][\/et_pb_section]<\/p>\n","protected":false},"excerpt":{"rendered":"<p><a class=\"vp-a vp-dr\" href=\"https:\/\/youtu.be\/U9In-YLlvho\" rel=\"nofollow\" data-width=\"1280\" data-height=\"720\" data-dwrap=\"1\" data-iv=\"1\"><img decoding=\"async\" class=\"vp-img\" src=\"https:\/\/jamonesibericoseu.eu\/wp-content\/uploads\/2021\/11\/01_die_inspiration.jpg\"><\/a>Teile des Jam\u00f3n Ib\u00e9ricos Der Jam\u00f3n Ib\u00e9rico wird in f\u00fcnf verschiedene Teile unterteilt, die jeweils unterschiedliche Geschmacks- und Textureigenschaften aufweisen.EISBEIN Es ist der schmalste Teil und liegt dem Huf am n\u00e4chsten. Das Fleisch des Eisbeins ist faseriger und etwas z\u00e4her als der Rest. Mit dem richtigen Schnitt kann man viel daraus machen. Er wird auch h\u00e4ufig zur Herstellung von Br\u00fche verwendet. HACHSE Das Fleisch zeichnet sich durch einen intensiveren Geschmack aus, ist dunkler, faserig und gep\u00f6kelt. Sehr saftig und schmackhaft, wenn sie in W\u00fcrfel geschnitten werden. Er befindet sich zwischen der Keule und dem Eisbein. KEULE Sie enth\u00e4lt das meiste Fleisch und ist sehr zart und saftig. Die Marmorierung des eingelagerten Fettes ist in diesem Bereich st\u00e4rker ausgepr\u00e4gt. Dieser Teil des Jam\u00f3n Ib\u00e9ricos hat den gr\u00f6\u00dften Fleischanteil und zeichnet sich durch seine hervorragenden sensorischen Eigenschaften aus, die ihn noch schmackhafter machen. Dies ist der beste Ort, um mit dem Schneiden des Schinkens zu beginnen. KN\u00d6CHEL Dies ist der am meisten gereifte und magerste Teil des Schinkens. Dies ist die Stelle, an der der Schnitt fortgesetzt wird, nachdem die Keule verbraucht worden ist. Das Fleisch der \u201eGegenkeule%22 zeichnet sich dadurch aus, [&hellip;]<\/p>\n","protected":false},"author":2,"featured_media":0,"parent":0,"menu_order":1,"comment_status":"closed","ping_status":"closed","template":"","meta":{"_et_pb_use_builder":"on","_et_pb_old_content":"","_et_gb_content_width":"","footnotes":""},"class_list":["post-1929","page","type-page","status-publish","hentry"],"_links":{"self":[{"href":"https:\/\/jamonesibericoseu.eu\/de\/wp-json\/wp\/v2\/pages\/1929","targetHints":{"allow":["GET"]}}],"collection":[{"href":"https:\/\/jamonesibericoseu.eu\/de\/wp-json\/wp\/v2\/pages"}],"about":[{"href":"https:\/\/jamonesibericoseu.eu\/de\/wp-json\/wp\/v2\/types\/page"}],"author":[{"embeddable":true,"href":"https:\/\/jamonesibericoseu.eu\/de\/wp-json\/wp\/v2\/users\/2"}],"replies":[{"embeddable":true,"href":"https:\/\/jamonesibericoseu.eu\/de\/wp-json\/wp\/v2\/comments?post=1929"}],"version-history":[{"count":5,"href":"https:\/\/jamonesibericoseu.eu\/de\/wp-json\/wp\/v2\/pages\/1929\/revisions"}],"predecessor-version":[{"id":2843,"href":"https:\/\/jamonesibericoseu.eu\/de\/wp-json\/wp\/v2\/pages\/1929\/revisions\/2843"}],"wp:attachment":[{"href":"https:\/\/jamonesibericoseu.eu\/de\/wp-json\/wp\/v2\/media?parent=1929"}],"curies":[{"name":"wp","href":"https:\/\/api.w.org\/{rel}","templated":true}]}}